


{"id":37,"date":"2015-09-01T08:53:00","date_gmt":"2015-09-01T08:53:00","guid":{"rendered":"https:\/\/www.wineobjectives.com\/?page_id=37"},"modified":"2025-06-19T13:55:44","modified_gmt":"2025-06-19T13:55:44","slug":"evaluation-financiere","status":"publish","type":"page","link":"https:\/\/www.wineobjectives.com\/fr\/expertise\/evaluation-financiere\/","title":{"rendered":"\u00c9valuation financi\u00e8re"},"content":{"rendered":"\t\t<div data-elementor-type=\"wp-page\" data-elementor-id=\"37\" class=\"elementor elementor-37\" data-elementor-post-type=\"page\">\n\t\t\t\t\t\t<section class=\"elementor-section elementor-top-section elementor-element elementor-element-761361f6 elementor-section-full_width elementor-section-height-default elementor-section-height-default\" data-id=\"761361f6\" data-element_type=\"section\" data-e-type=\"section\">\n\t\t\t\t\t\t<div class=\"elementor-container elementor-column-gap-default\">\n\t\t\t\t\t<div class=\"elementor-column elementor-col-100 elementor-top-column elementor-element elementor-element-36502002\" data-id=\"36502002\" data-element_type=\"column\" data-e-type=\"column\">\n\t\t\t<div class=\"elementor-widget-wrap\">\n\t\t\t\t\t\t\t<\/div>\n\t\t<\/div>\n\t\t\t\t\t<\/div>\n\t\t<\/section>\n\t\t\t\t<section class=\"elementor-section elementor-top-section elementor-element elementor-element-5014d4a5 elementor-section-boxed elementor-section-height-default elementor-section-height-default\" data-id=\"5014d4a5\" data-element_type=\"section\" data-e-type=\"section\">\n\t\t\t\t\t\t<div class=\"elementor-container elementor-column-gap-default\">\n\t\t\t\t\t<div class=\"elementor-column elementor-col-100 elementor-top-column elementor-element elementor-element-758d7ee6\" data-id=\"758d7ee6\" data-element_type=\"column\" data-e-type=\"column\">\n\t\t\t<div class=\"elementor-widget-wrap elementor-element-populated\">\n\t\t\t\t\t\t<div class=\"elementor-element elementor-element-5d4cbff0 elementor-widget elementor-widget-breadcrumbs\" data-id=\"5d4cbff0\" data-element_type=\"widget\" data-e-type=\"widget\" data-widget_type=\"breadcrumbs.default\">\n\t\t\t\t<div class=\"elementor-widget-container\">\n\t\t\t\t\t<p id=\"breadcrumbs\"><span><span><a href=\"https:\/\/www.wineobjectives.com\/fr\/\">Accueil<\/a><\/span><\/span><\/p>\t\t\t\t<\/div>\n\t\t\t\t<\/div>\n\t\t\t\t<div class=\"elementor-element elementor-element-2fbb470 elementor-widget elementor-widget-image\" data-id=\"2fbb470\" data-element_type=\"widget\" data-e-type=\"widget\" data-widget_type=\"image.default\">\n\t\t\t\t<div class=\"elementor-widget-container\">\n\t\t\t\t\t\t\t\t\t\t\t\t\t\t\t<img fetchpriority=\"high\" decoding=\"async\" width=\"1920\" height=\"322\" src=\"https:\/\/www.wineobjectives.com\/wp-content\/uploads\/2025\/04\/transactions.webp\" class=\"attachment-full size-full wp-image-14528\" alt=\"financial valuation\" srcset=\"https:\/\/www.wineobjectives.com\/wp-content\/uploads\/2025\/04\/transactions.webp 1920w, https:\/\/www.wineobjectives.com\/wp-content\/uploads\/2025\/04\/transactions-300x50.webp 300w, https:\/\/www.wineobjectives.com\/wp-content\/uploads\/2025\/04\/transactions-1024x172.webp 1024w, https:\/\/www.wineobjectives.com\/wp-content\/uploads\/2025\/04\/transactions-768x129.webp 768w, https:\/\/www.wineobjectives.com\/wp-content\/uploads\/2025\/04\/transactions-1536x258.webp 1536w\" sizes=\"(max-width: 1920px) 100vw, 1920px\" \/>\t\t\t\t\t\t\t\t\t\t\t\t\t\t\t<\/div>\n\t\t\t\t<\/div>\n\t\t\t\t\t<\/div>\n\t\t<\/div>\n\t\t\t\t\t<\/div>\n\t\t<\/section>\n\t\t\t\t<section class=\"elementor-section elementor-top-section elementor-element elementor-element-61fbbfe4 elementor-section-boxed elementor-section-height-default elementor-section-height-default\" data-id=\"61fbbfe4\" data-element_type=\"section\" data-e-type=\"section\">\n\t\t\t\t\t\t<div class=\"elementor-container elementor-column-gap-default\">\n\t\t\t\t\t<div class=\"elementor-column elementor-col-50 elementor-top-column elementor-element elementor-element-d3db6e0\" data-id=\"d3db6e0\" data-element_type=\"column\" data-e-type=\"column\">\n\t\t\t<div class=\"elementor-widget-wrap elementor-element-populated\">\n\t\t\t\t\t\t<div class=\"elementor-element elementor-element-19483c1 elementor-widget elementor-widget-heading\" data-id=\"19483c1\" data-element_type=\"widget\" data-e-type=\"widget\" data-widget_type=\"heading.default\">\n\t\t\t\t<div class=\"elementor-widget-container\">\n\t\t\t\t\t<h1 class=\"elementor-heading-title elementor-size-default\">\u00c9valuation financi\u00e8re<\/h1>\t\t\t\t<\/div>\n\t\t\t\t<\/div>\n\t\t\t\t\t<\/div>\n\t\t<\/div>\n\t\t\t\t<div class=\"elementor-column elementor-col-50 elementor-top-column elementor-element elementor-element-3d48c15c\" data-id=\"3d48c15c\" data-element_type=\"column\" data-e-type=\"column\">\n\t\t\t<div class=\"elementor-widget-wrap elementor-element-populated\">\n\t\t\t\t\t\t<div class=\"elementor-element elementor-element-777eb41 elementor-widget elementor-widget-text-editor\" data-id=\"777eb41\" data-element_type=\"widget\" data-e-type=\"widget\" data-widget_type=\"text-editor.default\">\n\t\t\t\t<div class=\"elementor-widget-container\">\n\t\t\t\t\t\t\t\t\t<p><strong>Les \u00e9valuations financi\u00e8res d\u2019entreprises<\/strong>, de marques ou de propri\u00e9t\u00e9s viticoles pour le compte d\u2019acheteurs ou de vendeurs.<\/p>\t\t\t\t\t\t\t\t<\/div>\n\t\t\t\t<\/div>\n\t\t\t\t\t<\/div>\n\t\t<\/div>\n\t\t\t\t\t<\/div>\n\t\t<\/section>\n\t\t\t\t<section class=\"elementor-section elementor-top-section elementor-element elementor-element-4b4777ab elementor-section-boxed elementor-section-height-default elementor-section-height-default\" data-id=\"4b4777ab\" data-element_type=\"section\" data-e-type=\"section\">\n\t\t\t\t\t\t<div class=\"elementor-container elementor-column-gap-default\">\n\t\t\t\t\t<div class=\"elementor-column elementor-col-50 elementor-top-column elementor-element elementor-element-3c459068\" data-id=\"3c459068\" data-element_type=\"column\" data-e-type=\"column\">\n\t\t\t<div class=\"elementor-widget-wrap elementor-element-populated\">\n\t\t\t\t\t\t<div class=\"elementor-element elementor-element-7052a129 elementor-widget elementor-widget-image\" data-id=\"7052a129\" data-element_type=\"widget\" data-e-type=\"widget\" data-widget_type=\"image.default\">\n\t\t\t\t<div class=\"elementor-widget-container\">\n\t\t\t\t\t\t\t\t\t\t\t\t\t\t\t<img decoding=\"async\" width=\"734\" height=\"418\" src=\"https:\/\/www.wineobjectives.com\/wp-content\/uploads\/2022\/09\/Two-French-winegrowers-in-their-vines-at-sunset.jpg\" class=\"attachment-full size-full wp-image-5025\" alt=\"fusion et acquisition viticoles\" srcset=\"https:\/\/www.wineobjectives.com\/wp-content\/uploads\/2022\/09\/Two-French-winegrowers-in-their-vines-at-sunset.jpg 734w, https:\/\/www.wineobjectives.com\/wp-content\/uploads\/2022\/09\/Two-French-winegrowers-in-their-vines-at-sunset-300x171.jpg 300w\" sizes=\"(max-width: 734px) 100vw, 734px\" \/>\t\t\t\t\t\t\t\t\t\t\t\t\t\t\t<\/div>\n\t\t\t\t<\/div>\n\t\t\t\t\t<\/div>\n\t\t<\/div>\n\t\t\t\t<div class=\"elementor-column elementor-col-50 elementor-top-column elementor-element elementor-element-29340df\" data-id=\"29340df\" data-element_type=\"column\" data-e-type=\"column\">\n\t\t\t<div class=\"elementor-widget-wrap elementor-element-populated\">\n\t\t\t\t\t\t<div class=\"elementor-element elementor-element-32a4f616 elementor-widget elementor-widget-heading\" data-id=\"32a4f616\" data-element_type=\"widget\" data-e-type=\"widget\" data-widget_type=\"heading.default\">\n\t\t\t\t<div class=\"elementor-widget-container\">\n\t\t\t\t\t<h2 class=\"elementor-heading-title elementor-size-default\">L\u2019analyse financi\u00e8re pour les domaines viticoles<\/h2>\t\t\t\t<\/div>\n\t\t\t\t<\/div>\n\t\t\t\t<div class=\"elementor-element elementor-element-742c351c elementor-widget elementor-widget-text-editor\" data-id=\"742c351c\" data-element_type=\"widget\" data-e-type=\"widget\" data-widget_type=\"text-editor.default\">\n\t\t\t\t<div class=\"elementor-widget-container\">\n\t\t\t\t\t\t\t\t\t<p><span style=\"color: #808080;\">L\u2019analyse financi\u00e8re peut \u00eatre d\u00e9finie comme un ensemble de m\u00e9thodes d\u2019analyse exploitant des informations financi\u00e8res et \u00e9conomiques destin\u00e9es \u00e0 appr\u00e9cier l\u2019entreprise dans sa globalit\u00e9 et \u00e0 porter un jugement sur sa performance, sa situation financi\u00e8re et ses risques.<\/span><\/p><p><span style=\"color: #808080;\">Lors de la vente d\u2019un vignoble<span style=\"text-decoration: underline;\">,<\/span> l\u2019objectif premier de l\u2019analyse financi\u00e8re est d\u2019\u00e9tablir un diagnostic financier de l\u2019entreprise qui sert d\u2019outil \u00e0 la prise de d\u00e9cision. Pour toute cession d\u2019entreprise, ou m\u00eame pour la<strong> cession d\u2019un fond de commerce de type vignoble<\/strong><\/span><\/p><p><span style=\"color: #808080;\">Notre connaissance de l\u2019industrie nous permet de vous apporter une analyse de l\u2019existant mais aussi de la valeur potentielle d\u2019une cible dans le cas d\u2019une <a style=\"color: #808080;\" href=\"https:\/\/www.wineobjectives.com\/fr\/domaines-viticoles\/\">vente de vignoble<\/a>.<\/span><\/p>\t\t\t\t\t\t\t\t<\/div>\n\t\t\t\t<\/div>\n\t\t\t\t\t<\/div>\n\t\t<\/div>\n\t\t\t\t\t<\/div>\n\t\t<\/section>\n\t\t\t\t<section class=\"elementor-section elementor-top-section elementor-element elementor-element-6d82d940 elementor-section-boxed elementor-section-height-default elementor-section-height-default\" data-id=\"6d82d940\" data-element_type=\"section\" data-e-type=\"section\">\n\t\t\t\t\t\t<div class=\"elementor-container elementor-column-gap-default\">\n\t\t\t\t\t<div class=\"elementor-column elementor-col-50 elementor-top-column elementor-element elementor-element-6d8b0f45\" data-id=\"6d8b0f45\" data-element_type=\"column\" data-e-type=\"column\">\n\t\t\t<div class=\"elementor-widget-wrap elementor-element-populated\">\n\t\t\t\t\t\t<div class=\"elementor-element elementor-element-a590afe elementor-widget elementor-widget-heading\" data-id=\"a590afe\" data-element_type=\"widget\" data-e-type=\"widget\" data-widget_type=\"heading.default\">\n\t\t\t\t<div class=\"elementor-widget-container\">\n\t\t\t\t\t<h2 class=\"elementor-heading-title elementor-size-default\">Nos prestations<\/h2>\t\t\t\t<\/div>\n\t\t\t\t<\/div>\n\t\t\t\t<div class=\"elementor-element elementor-element-11999f69 elementor-widget elementor-widget-text-editor\" data-id=\"11999f69\" data-element_type=\"widget\" data-e-type=\"widget\" data-widget_type=\"text-editor.default\">\n\t\t\t\t<div class=\"elementor-widget-container\">\n\t\t\t\t\t\t\t\t\t<ul><li>Evaluation d\u2019entreprise (free cash flow, EBITDA, CA\u2026)<\/li><li>Evaluation d\u2019une entreprise cible ou d\u2019une entreprise \u00e0 c\u00e9der<\/li><li>Evaluation d\u2019actifs incorporels (marques, brevets\u2026)<\/li><li>Evaluation patrimoniale par analyse d\u2019actifs immobilis\u00e9s et par comparaison (transactions comparables)<\/li><li>Evaluation en pr\u00e9paration d\u2019une op\u00e9ration de fusion ou d\u2019apport<\/li><\/ul><p>Vous souhaitez faire une \u00e9valuation financi\u00e8re de votre domaine, votre entreprise ou m\u00eame de votre activit\u00e9 ? Vous souhaitez effectuer une analyse financi\u00e8re d\u2019une soci\u00e9t\u00e9 cible ? N\u2019h\u00e9sitez pas \u00e0 <span style=\"text-decoration: underline;\"><span style=\"color: #6d7784;\"><a style=\"color: #6d7784; text-decoration: underline;\" href=\"\/fr\/contact\/\">prendre contact avec nous<\/a><\/span><\/span><\/p>\t\t\t\t\t\t\t\t<\/div>\n\t\t\t\t<\/div>\n\t\t\t\t\t<\/div>\n\t\t<\/div>\n\t\t\t\t<div class=\"elementor-column elementor-col-50 elementor-top-column elementor-element elementor-element-75e45fe8\" data-id=\"75e45fe8\" data-element_type=\"column\" data-e-type=\"column\">\n\t\t\t<div class=\"elementor-widget-wrap elementor-element-populated\">\n\t\t\t\t\t\t<div class=\"elementor-element elementor-element-49481018 elementor-widget elementor-widget-image\" data-id=\"49481018\" data-element_type=\"widget\" data-e-type=\"widget\" data-widget_type=\"image.default\">\n\t\t\t\t<div class=\"elementor-widget-container\">\n\t\t\t\t\t\t\t\t\t\t\t\t\t\t\t<img decoding=\"async\" width=\"734\" height=\"418\" src=\"https:\/\/www.wineobjectives.com\/wp-content\/uploads\/2022\/09\/Wine-cellar-with-wine-bottles-.with-space-for-text.jpg\" class=\"attachment-full size-full wp-image-5047\" alt=\"transaction de domaines\" srcset=\"https:\/\/www.wineobjectives.com\/wp-content\/uploads\/2022\/09\/Wine-cellar-with-wine-bottles-.with-space-for-text.jpg 734w, https:\/\/www.wineobjectives.com\/wp-content\/uploads\/2022\/09\/Wine-cellar-with-wine-bottles-.with-space-for-text-300x171.jpg 300w\" sizes=\"(max-width: 734px) 100vw, 734px\" \/>\t\t\t\t\t\t\t\t\t\t\t\t\t\t\t<\/div>\n\t\t\t\t<\/div>\n\t\t\t\t\t<\/div>\n\t\t<\/div>\n\t\t\t\t\t<\/div>\n\t\t<\/section>\n\t\t\t\t<\/div>\n\t\t","protected":false},"excerpt":{"rendered":"<p>\u00c9valuation financi\u00e8re Les \u00e9valuations financi\u00e8res d\u2019entreprises, de marques ou de propri\u00e9t\u00e9s viticoles pour le compte d\u2019acheteurs ou de vendeurs. L\u2019analyse financi\u00e8re pour les domaines viticoles L\u2019analyse financi\u00e8re peut \u00eatre d\u00e9finie comme un ensemble de m\u00e9thodes d\u2019analyse exploitant des informations financi\u00e8res et \u00e9conomiques destin\u00e9es \u00e0 appr\u00e9cier l\u2019entreprise dans sa globalit\u00e9 et \u00e0 porter un jugement sur [&hellip;]<\/p>\n","protected":false},"author":1,"featured_media":38,"parent":34,"menu_order":0,"comment_status":"closed","ping_status":"closed","template":"elementor_header_footer","meta":{"_acf_changed":false,"footnotes":""},"class_list":["post-37","page","type-page","status-publish","has-post-thumbnail","hentry"],"acf":[],"yoast_head":"<!-- This site is optimized with the Yoast SEO plugin v27.3 - https:\/\/yoast.com\/product\/yoast-seo-wordpress\/ -->\n<title>\u00c9valuation financi\u00e8re d&#039;entreprise ou propri\u00e9t\u00e9 viticole<\/title>\n<meta name=\"description\" content=\"Analysez financi\u00e8rement votre entreprise pour \u00e9valuer et am\u00e9liorer sa performance, sa situation financi\u00e8re et r\u00e9duire les risques.\" \/>\n<meta name=\"robots\" content=\"index, follow, max-snippet:-1, max-image-preview:large, max-video-preview:-1\" \/>\n<link rel=\"canonical\" href=\"https:\/\/www.wineobjectives.com\/fr\/expertise\/evaluation-financiere\/\" \/>\n<meta name=\"twitter:card\" content=\"summary_large_image\" \/>\n<meta name=\"twitter:title\" content=\"\u00c9valuation financi\u00e8re d&#039;entreprise ou propri\u00e9t\u00e9 viticole\" \/>\n<meta name=\"twitter:description\" content=\"Analysez financi\u00e8rement votre entreprise pour \u00e9valuer et am\u00e9liorer sa performance, sa situation financi\u00e8re et r\u00e9duire les risques.\" \/>\n<meta name=\"twitter:image\" content=\"https:\/\/www.wineobjectives.com\/wp-content\/uploads\/2022\/04\/cuves.webp\" \/>\n<meta name=\"twitter:label1\" content=\"Dur\u00e9e de lecture estim\u00e9e\" \/>\n\t<meta name=\"twitter:data1\" content=\"2 minutes\" \/>\n<script type=\"application\/ld+json\" class=\"yoast-schema-graph\">{\"@context\":\"https:\\\/\\\/schema.org\",\"@graph\":[{\"@type\":\"WebPage\",\"@id\":\"https:\\\/\\\/www.wineobjectives.com\\\/fr\\\/expertise\\\/evaluation-financiere\\\/\",\"url\":\"https:\\\/\\\/www.wineobjectives.com\\\/fr\\\/expertise\\\/evaluation-financiere\\\/\",\"name\":\"\u00c9valuation financi\u00e8re d'entreprise ou propri\u00e9t\u00e9 viticole\",\"isPartOf\":{\"@id\":\"https:\\\/\\\/www.wineobjectives.com\\\/fr\\\/#website\"},\"primaryImageOfPage\":{\"@id\":\"https:\\\/\\\/www.wineobjectives.com\\\/fr\\\/expertise\\\/evaluation-financiere\\\/#primaryimage\"},\"image\":{\"@id\":\"https:\\\/\\\/www.wineobjectives.com\\\/fr\\\/expertise\\\/evaluation-financiere\\\/#primaryimage\"},\"thumbnailUrl\":\"https:\\\/\\\/www.wineobjectives.com\\\/wp-content\\\/uploads\\\/2022\\\/04\\\/cuves.webp\",\"datePublished\":\"2015-09-01T08:53:00+00:00\",\"dateModified\":\"2025-06-19T13:55:44+00:00\",\"description\":\"Analysez financi\u00e8rement votre entreprise pour \u00e9valuer et am\u00e9liorer sa performance, sa situation financi\u00e8re et r\u00e9duire les risques.\",\"breadcrumb\":{\"@id\":\"https:\\\/\\\/www.wineobjectives.com\\\/fr\\\/expertise\\\/evaluation-financiere\\\/#breadcrumb\"},\"inLanguage\":\"fr-FR\",\"potentialAction\":[{\"@type\":\"ReadAction\",\"target\":[\"https:\\\/\\\/www.wineobjectives.com\\\/fr\\\/expertise\\\/evaluation-financiere\\\/\"]}]},{\"@type\":\"ImageObject\",\"inLanguage\":\"fr-FR\",\"@id\":\"https:\\\/\\\/www.wineobjectives.com\\\/fr\\\/expertise\\\/evaluation-financiere\\\/#primaryimage\",\"url\":\"https:\\\/\\\/www.wineobjectives.com\\\/wp-content\\\/uploads\\\/2022\\\/04\\\/cuves.webp\",\"contentUrl\":\"https:\\\/\\\/www.wineobjectives.com\\\/wp-content\\\/uploads\\\/2022\\\/04\\\/cuves.webp\",\"width\":500,\"height\":332,\"caption\":\"\u00e9valuation financi\u00e8re viticole\"},{\"@type\":\"BreadcrumbList\",\"@id\":\"https:\\\/\\\/www.wineobjectives.com\\\/fr\\\/expertise\\\/evaluation-financiere\\\/#breadcrumb\",\"itemListElement\":[{\"@type\":\"ListItem\",\"position\":1,\"name\":\"Accueil\",\"item\":\"https:\\\/\\\/www.wineobjectives.com\\\/fr\\\/\"},{\"@type\":\"ListItem\",\"position\":2,\"name\":\"Notre Expertise\",\"item\":\"https:\\\/\\\/www.wineobjectives.com\\\/fr\\\/expertise\\\/\"},{\"@type\":\"ListItem\",\"position\":3,\"name\":\"\u00c9valuation financi\u00e8re\"}]},{\"@type\":\"WebSite\",\"@id\":\"https:\\\/\\\/www.wineobjectives.com\\\/fr\\\/#website\",\"url\":\"https:\\\/\\\/www.wineobjectives.com\\\/fr\\\/\",\"name\":\"Wine Objectives\",\"description\":\"Wine Objectives\",\"publisher\":{\"@id\":\"https:\\\/\\\/www.wineobjectives.com\\\/fr\\\/#organization\"},\"potentialAction\":[{\"@type\":\"SearchAction\",\"target\":{\"@type\":\"EntryPoint\",\"urlTemplate\":\"https:\\\/\\\/www.wineobjectives.com\\\/fr\\\/?s={search_term_string}\"},\"query-input\":{\"@type\":\"PropertyValueSpecification\",\"valueRequired\":true,\"valueName\":\"search_term_string\"}}],\"inLanguage\":\"fr-FR\"},{\"@type\":\"Organization\",\"@id\":\"https:\\\/\\\/www.wineobjectives.com\\\/fr\\\/#organization\",\"name\":\"Wine Objectives\",\"url\":\"https:\\\/\\\/www.wineobjectives.com\\\/fr\\\/\",\"logo\":{\"@type\":\"ImageObject\",\"inLanguage\":\"fr-FR\",\"@id\":\"https:\\\/\\\/www.wineobjectives.com\\\/fr\\\/#\\\/schema\\\/logo\\\/image\\\/\",\"url\":\"https:\\\/\\\/www.wineobjectives.com\\\/wp-content\\\/uploads\\\/2022\\\/08\\\/cropped-cropped-gimmick_WO.png\",\"contentUrl\":\"https:\\\/\\\/www.wineobjectives.com\\\/wp-content\\\/uploads\\\/2022\\\/08\\\/cropped-cropped-gimmick_WO.png\",\"width\":130,\"height\":99,\"caption\":\"Wine Objectives\"},\"image\":{\"@id\":\"https:\\\/\\\/www.wineobjectives.com\\\/fr\\\/#\\\/schema\\\/logo\\\/image\\\/\"}}]}<\/script>\n<!-- \/ Yoast SEO plugin. -->","yoast_head_json":{"title":"\u00c9valuation financi\u00e8re d'entreprise ou propri\u00e9t\u00e9 viticole","description":"Analysez financi\u00e8rement votre entreprise pour \u00e9valuer et am\u00e9liorer sa performance, sa situation financi\u00e8re et r\u00e9duire les risques.","robots":{"index":"index","follow":"follow","max-snippet":"max-snippet:-1","max-image-preview":"max-image-preview:large","max-video-preview":"max-video-preview:-1"},"canonical":"https:\/\/www.wineobjectives.com\/fr\/expertise\/evaluation-financiere\/","twitter_card":"summary_large_image","twitter_title":"\u00c9valuation financi\u00e8re d'entreprise ou propri\u00e9t\u00e9 viticole","twitter_description":"Analysez financi\u00e8rement votre entreprise pour \u00e9valuer et am\u00e9liorer sa performance, sa situation financi\u00e8re et r\u00e9duire les risques.","twitter_image":"https:\/\/www.wineobjectives.com\/wp-content\/uploads\/2022\/04\/cuves.webp","twitter_misc":{"Dur\u00e9e de lecture estim\u00e9e":"2 minutes"},"schema":{"@context":"https:\/\/schema.org","@graph":[{"@type":"WebPage","@id":"https:\/\/www.wineobjectives.com\/fr\/expertise\/evaluation-financiere\/","url":"https:\/\/www.wineobjectives.com\/fr\/expertise\/evaluation-financiere\/","name":"\u00c9valuation financi\u00e8re d'entreprise ou propri\u00e9t\u00e9 viticole","isPartOf":{"@id":"https:\/\/www.wineobjectives.com\/fr\/#website"},"primaryImageOfPage":{"@id":"https:\/\/www.wineobjectives.com\/fr\/expertise\/evaluation-financiere\/#primaryimage"},"image":{"@id":"https:\/\/www.wineobjectives.com\/fr\/expertise\/evaluation-financiere\/#primaryimage"},"thumbnailUrl":"https:\/\/www.wineobjectives.com\/wp-content\/uploads\/2022\/04\/cuves.webp","datePublished":"2015-09-01T08:53:00+00:00","dateModified":"2025-06-19T13:55:44+00:00","description":"Analysez financi\u00e8rement votre entreprise pour \u00e9valuer et am\u00e9liorer sa performance, sa situation financi\u00e8re et r\u00e9duire les risques.","breadcrumb":{"@id":"https:\/\/www.wineobjectives.com\/fr\/expertise\/evaluation-financiere\/#breadcrumb"},"inLanguage":"fr-FR","potentialAction":[{"@type":"ReadAction","target":["https:\/\/www.wineobjectives.com\/fr\/expertise\/evaluation-financiere\/"]}]},{"@type":"ImageObject","inLanguage":"fr-FR","@id":"https:\/\/www.wineobjectives.com\/fr\/expertise\/evaluation-financiere\/#primaryimage","url":"https:\/\/www.wineobjectives.com\/wp-content\/uploads\/2022\/04\/cuves.webp","contentUrl":"https:\/\/www.wineobjectives.com\/wp-content\/uploads\/2022\/04\/cuves.webp","width":500,"height":332,"caption":"\u00e9valuation financi\u00e8re viticole"},{"@type":"BreadcrumbList","@id":"https:\/\/www.wineobjectives.com\/fr\/expertise\/evaluation-financiere\/#breadcrumb","itemListElement":[{"@type":"ListItem","position":1,"name":"Accueil","item":"https:\/\/www.wineobjectives.com\/fr\/"},{"@type":"ListItem","position":2,"name":"Notre Expertise","item":"https:\/\/www.wineobjectives.com\/fr\/expertise\/"},{"@type":"ListItem","position":3,"name":"\u00c9valuation financi\u00e8re"}]},{"@type":"WebSite","@id":"https:\/\/www.wineobjectives.com\/fr\/#website","url":"https:\/\/www.wineobjectives.com\/fr\/","name":"Wine Objectives","description":"Wine Objectives","publisher":{"@id":"https:\/\/www.wineobjectives.com\/fr\/#organization"},"potentialAction":[{"@type":"SearchAction","target":{"@type":"EntryPoint","urlTemplate":"https:\/\/www.wineobjectives.com\/fr\/?s={search_term_string}"},"query-input":{"@type":"PropertyValueSpecification","valueRequired":true,"valueName":"search_term_string"}}],"inLanguage":"fr-FR"},{"@type":"Organization","@id":"https:\/\/www.wineobjectives.com\/fr\/#organization","name":"Wine Objectives","url":"https:\/\/www.wineobjectives.com\/fr\/","logo":{"@type":"ImageObject","inLanguage":"fr-FR","@id":"https:\/\/www.wineobjectives.com\/fr\/#\/schema\/logo\/image\/","url":"https:\/\/www.wineobjectives.com\/wp-content\/uploads\/2022\/08\/cropped-cropped-gimmick_WO.png","contentUrl":"https:\/\/www.wineobjectives.com\/wp-content\/uploads\/2022\/08\/cropped-cropped-gimmick_WO.png","width":130,"height":99,"caption":"Wine Objectives"},"image":{"@id":"https:\/\/www.wineobjectives.com\/fr\/#\/schema\/logo\/image\/"}}]}},"_links":{"self":[{"href":"https:\/\/www.wineobjectives.com\/fr\/wp-json\/wp\/v2\/pages\/37","targetHints":{"allow":["GET"]}}],"collection":[{"href":"https:\/\/www.wineobjectives.com\/fr\/wp-json\/wp\/v2\/pages"}],"about":[{"href":"https:\/\/www.wineobjectives.com\/fr\/wp-json\/wp\/v2\/types\/page"}],"author":[{"embeddable":true,"href":"https:\/\/www.wineobjectives.com\/fr\/wp-json\/wp\/v2\/users\/1"}],"replies":[{"embeddable":true,"href":"https:\/\/www.wineobjectives.com\/fr\/wp-json\/wp\/v2\/comments?post=37"}],"version-history":[{"count":28,"href":"https:\/\/www.wineobjectives.com\/fr\/wp-json\/wp\/v2\/pages\/37\/revisions"}],"predecessor-version":[{"id":15484,"href":"https:\/\/www.wineobjectives.com\/fr\/wp-json\/wp\/v2\/pages\/37\/revisions\/15484"}],"up":[{"embeddable":true,"href":"https:\/\/www.wineobjectives.com\/fr\/wp-json\/wp\/v2\/pages\/34"}],"wp:featuredmedia":[{"embeddable":true,"href":"https:\/\/www.wineobjectives.com\/fr\/wp-json\/wp\/v2\/media\/38"}],"wp:attachment":[{"href":"https:\/\/www.wineobjectives.com\/fr\/wp-json\/wp\/v2\/media?parent=37"}],"curies":[{"name":"wp","href":"https:\/\/api.w.org\/{rel}","templated":true}]}}