


{"id":40,"date":"2019-01-18T08:57:37","date_gmt":"2019-01-18T08:57:37","guid":{"rendered":"https:\/\/www.wineobjectives.com\/?page_id=40"},"modified":"2025-08-26T12:19:15","modified_gmt":"2025-08-26T12:19:15","slug":"honoraires-dagence","status":"publish","type":"page","link":"https:\/\/www.wineobjectives.com\/fr\/expertise\/honoraires-dagence\/","title":{"rendered":"Honoraires d&rsquo;agence"},"content":{"rendered":"\t\t<div data-elementor-type=\"wp-page\" data-elementor-id=\"40\" class=\"elementor elementor-40\" data-elementor-post-type=\"page\">\n\t\t\t\t\t\t<section class=\"elementor-section elementor-top-section elementor-element elementor-element-4f9cf935 elementor-section-full_width elementor-section-height-default elementor-section-height-default\" data-id=\"4f9cf935\" data-element_type=\"section\" data-e-type=\"section\">\n\t\t\t\t\t\t<div class=\"elementor-container elementor-column-gap-default\">\n\t\t\t\t\t<div class=\"elementor-column elementor-col-100 elementor-top-column elementor-element elementor-element-313b0367\" data-id=\"313b0367\" data-element_type=\"column\" data-e-type=\"column\">\n\t\t\t<div class=\"elementor-widget-wrap elementor-element-populated\">\n\t\t\t\t\t\t<div class=\"elementor-element elementor-element-3d95be82 elementor-widget elementor-widget-image\" data-id=\"3d95be82\" data-element_type=\"widget\" data-e-type=\"widget\" data-widget_type=\"image.default\">\n\t\t\t\t<div class=\"elementor-widget-container\">\n\t\t\t\t\t\t\t\t\t\t\t\t\t\t\t<img fetchpriority=\"high\" decoding=\"async\" width=\"1920\" height=\"322\" src=\"https:\/\/www.wineobjectives.com\/wp-content\/uploads\/2025\/08\/honoraires.webp\" class=\"attachment-full size-full wp-image-16069\" alt=\"\" srcset=\"https:\/\/www.wineobjectives.com\/wp-content\/uploads\/2025\/08\/honoraires.webp 1920w, https:\/\/www.wineobjectives.com\/wp-content\/uploads\/2025\/08\/honoraires-300x50.webp 300w, https:\/\/www.wineobjectives.com\/wp-content\/uploads\/2025\/08\/honoraires-1024x172.webp 1024w, https:\/\/www.wineobjectives.com\/wp-content\/uploads\/2025\/08\/honoraires-768x129.webp 768w, https:\/\/www.wineobjectives.com\/wp-content\/uploads\/2025\/08\/honoraires-1536x258.webp 1536w\" sizes=\"(max-width: 1920px) 100vw, 1920px\" \/>\t\t\t\t\t\t\t\t\t\t\t\t\t\t\t<\/div>\n\t\t\t\t<\/div>\n\t\t\t\t\t<\/div>\n\t\t<\/div>\n\t\t\t\t\t<\/div>\n\t\t<\/section>\n\t\t\t\t<section class=\"elementor-section elementor-top-section elementor-element elementor-element-726cc90d elementor-section-boxed elementor-section-height-default elementor-section-height-default\" data-id=\"726cc90d\" data-element_type=\"section\" data-e-type=\"section\">\n\t\t\t\t\t\t<div class=\"elementor-container elementor-column-gap-default\">\n\t\t\t\t\t<div class=\"elementor-column elementor-col-100 elementor-top-column elementor-element elementor-element-26879b6c\" data-id=\"26879b6c\" data-element_type=\"column\" data-e-type=\"column\">\n\t\t\t<div class=\"elementor-widget-wrap elementor-element-populated\">\n\t\t\t\t\t\t<div class=\"elementor-element elementor-element-632f7d8e elementor-widget elementor-widget-breadcrumbs\" data-id=\"632f7d8e\" data-element_type=\"widget\" data-e-type=\"widget\" data-widget_type=\"breadcrumbs.default\">\n\t\t\t\t<div class=\"elementor-widget-container\">\n\t\t\t\t\t<p id=\"breadcrumbs\"><span><span><a href=\"https:\/\/www.wineobjectives.com\/fr\/\">Accueil<\/a><\/span><\/span><\/p>\t\t\t\t<\/div>\n\t\t\t\t<\/div>\n\t\t\t\t\t<\/div>\n\t\t<\/div>\n\t\t\t\t\t<\/div>\n\t\t<\/section>\n\t\t\t\t<section class=\"elementor-section elementor-top-section elementor-element elementor-element-2ffd4bcf elementor-section-boxed elementor-section-height-default elementor-section-height-default\" data-id=\"2ffd4bcf\" data-element_type=\"section\" data-e-type=\"section\">\n\t\t\t\t\t\t<div class=\"elementor-container elementor-column-gap-default\">\n\t\t\t\t\t<div class=\"elementor-column elementor-col-50 elementor-top-column elementor-element elementor-element-4011796b\" data-id=\"4011796b\" data-element_type=\"column\" data-e-type=\"column\">\n\t\t\t<div class=\"elementor-widget-wrap elementor-element-populated\">\n\t\t\t\t\t\t<div class=\"elementor-element elementor-element-69434523 elementor-widget elementor-widget-heading\" data-id=\"69434523\" data-element_type=\"widget\" data-e-type=\"widget\" data-widget_type=\"heading.default\">\n\t\t\t\t<div class=\"elementor-widget-container\">\n\t\t\t\t\t<h1 class=\"elementor-heading-title elementor-size-default\">Honoraires<\/h1>\t\t\t\t<\/div>\n\t\t\t\t<\/div>\n\t\t\t\t\t<\/div>\n\t\t<\/div>\n\t\t\t\t<div class=\"elementor-column elementor-col-50 elementor-top-column elementor-element elementor-element-62601c43\" data-id=\"62601c43\" data-element_type=\"column\" data-e-type=\"column\">\n\t\t\t<div class=\"elementor-widget-wrap elementor-element-populated\">\n\t\t\t\t\t\t<div class=\"elementor-element elementor-element-3f96034d elementor-widget elementor-widget-text-editor\" data-id=\"3f96034d\" data-element_type=\"widget\" data-e-type=\"widget\" data-widget_type=\"text-editor.default\">\n\t\t\t\t<div class=\"elementor-widget-container\">\n\t\t\t\t\t\t\t\t\t<p>En cas de r\u00e9alisation d\u2019une vente, le cabinet Wine Objectives aura droit \u00e0 une commission fix\u00e9e selon le bar\u00e8me suivant, calcul\u00e9 en montant hors taxes sur la valeur brute des actifs c\u00e9d\u00e9s :<br \/><br \/><\/p><p>\u00a0<\/p><p><style>\n.montable{border:1px #e5e5e5 solid; width:100%;}.montable tr{ }.montable th{ padding:5px; text-align:left; background:#e5e5e5; }.montable td{ padding:10px; border-bottom: #ccc 1px solid; }<br \/><\/style><\/p><table class=\"montable\" border=\"1\" cellspacing=\"1\" cellpadding=\"1\"><tbody><tr style=\"padding: 0 10px;\"><th><strong>Valeur de transaction (\u20ac)<\/strong><\/th><th><strong>Taux de comission HT<\/strong><\/th><th><strong>Taux de commission TTC<\/strong><\/th><\/tr><tr style=\"padding: 0 10px;\"><td>0 \u00e0 600 000<\/td><td>7%<\/td><td>8,4%<\/td><\/tr><tr style=\"padding: 0 10px;\"><td>601 000 \u00e0 1 300 000<\/td><td>6%<\/td><td>7,2%<\/td><\/tr><tr style=\"padding: 0 10px;\"><td>Plus de 1 300 000<\/td><td>5%<\/td><td>6%<\/td><\/tr><\/tbody><\/table><p>\u00a0<\/p><p>Cette r\u00e9mun\u00e9ration sera exigible le jour o\u00f9 l\u2019op\u00e9ration sera effectivement conclue et constat\u00e9e dans un acte \u00e9crit.<\/p><p>\u00a0<\/p>\t\t\t\t\t\t\t\t<\/div>\n\t\t\t\t<\/div>\n\t\t\t\t\t<\/div>\n\t\t<\/div>\n\t\t\t\t\t<\/div>\n\t\t<\/section>\n\t\t\t\t<section class=\"elementor-section elementor-top-section elementor-element elementor-element-535ce9ad elementor-section-height-min-height elementor-section-boxed elementor-section-height-default elementor-section-items-middle\" data-id=\"535ce9ad\" data-element_type=\"section\" data-e-type=\"section\" data-settings=\"{&quot;background_background&quot;:&quot;classic&quot;}\">\n\t\t\t\t\t\t<div class=\"elementor-container elementor-column-gap-default\">\n\t\t\t\t\t<div class=\"elementor-column elementor-col-100 elementor-top-column elementor-element elementor-element-7423d2de\" data-id=\"7423d2de\" data-element_type=\"column\" data-e-type=\"column\">\n\t\t\t<div class=\"elementor-widget-wrap elementor-element-populated\">\n\t\t\t\t\t\t<div class=\"elementor-element elementor-element-1d460c92 elementor-widget elementor-widget-heading\" data-id=\"1d460c92\" data-element_type=\"widget\" data-e-type=\"widget\" data-widget_type=\"heading.default\">\n\t\t\t\t<div class=\"elementor-widget-container\">\n\t\t\t\t\t<span class=\"elementor-heading-title elementor-size-default\"><a href=\"https:\/\/www.wineobjectives.com\/fr\/contact\/\">Contactez-nous<\/a><\/span>\t\t\t\t<\/div>\n\t\t\t\t<\/div>\n\t\t\t\t\t<\/div>\n\t\t<\/div>\n\t\t\t\t\t<\/div>\n\t\t<\/section>\n\t\t\t\t<\/div>\n\t\t","protected":false},"excerpt":{"rendered":"<p>Honoraires En cas de r\u00e9alisation d\u2019une vente, le cabinet Wine Objectives aura droit \u00e0 une commission fix\u00e9e selon le bar\u00e8me suivant, calcul\u00e9 en montant hors taxes sur la valeur brute des actifs c\u00e9d\u00e9s : \u00a0 Valeur de transaction (\u20ac) Taux de comission HT Taux de commission TTC 0 \u00e0 600 000 7% 8,4% 601 000 [&hellip;]<\/p>\n","protected":false},"author":1,"featured_media":0,"parent":34,"menu_order":1,"comment_status":"closed","ping_status":"closed","template":"elementor_header_footer","meta":{"_acf_changed":false,"footnotes":""},"class_list":["post-40","page","type-page","status-publish","hentry"],"acf":[],"yoast_head":"<!-- This site is optimized with the Yoast SEO plugin v27.3 - https:\/\/yoast.com\/product\/yoast-seo-wordpress\/ -->\n<title>Honoraires<\/title>\n<meta name=\"description\" content=\"Nous mettons un bar\u00e8me pour la commission auxquelles nous pr\u00e9tendons pour chaque vente r\u00e9alis\u00e9e. Calcul\u00e9 en montant hors taxe.\" \/>\n<meta name=\"robots\" content=\"index, follow, max-snippet:-1, max-image-preview:large, max-video-preview:-1\" \/>\n<link rel=\"canonical\" href=\"https:\/\/www.wineobjectives.com\/fr\/expertise\/honoraires-dagence\/\" \/>\n<meta name=\"twitter:card\" content=\"summary_large_image\" \/>\n<meta name=\"twitter:title\" content=\"Honoraires\" \/>\n<meta name=\"twitter:description\" content=\"Nous mettons un bar\u00e8me pour la commission auxquelles nous pr\u00e9tendons pour chaque vente r\u00e9alis\u00e9e. Calcul\u00e9 en montant hors taxe.\" \/>\n<meta name=\"twitter:image\" content=\"https:\/\/www.wineobjectives.com\/wp-content\/uploads\/2025\/08\/honoraires.webp\" \/>\n<meta name=\"twitter:label1\" content=\"Dur\u00e9e de lecture estim\u00e9e\" \/>\n\t<meta name=\"twitter:data1\" content=\"1 minute\" \/>\n<script type=\"application\/ld+json\" class=\"yoast-schema-graph\">{\"@context\":\"https:\\\/\\\/schema.org\",\"@graph\":[{\"@type\":\"WebPage\",\"@id\":\"https:\\\/\\\/www.wineobjectives.com\\\/fr\\\/expertise\\\/honoraires-dagence\\\/\",\"url\":\"https:\\\/\\\/www.wineobjectives.com\\\/fr\\\/expertise\\\/honoraires-dagence\\\/\",\"name\":\"Honoraires\",\"isPartOf\":{\"@id\":\"https:\\\/\\\/www.wineobjectives.com\\\/fr\\\/#website\"},\"primaryImageOfPage\":{\"@id\":\"https:\\\/\\\/www.wineobjectives.com\\\/fr\\\/expertise\\\/honoraires-dagence\\\/#primaryimage\"},\"image\":{\"@id\":\"https:\\\/\\\/www.wineobjectives.com\\\/fr\\\/expertise\\\/honoraires-dagence\\\/#primaryimage\"},\"thumbnailUrl\":\"https:\\\/\\\/www.wineobjectives.com\\\/wp-content\\\/uploads\\\/2025\\\/08\\\/honoraires.webp\",\"datePublished\":\"2019-01-18T08:57:37+00:00\",\"dateModified\":\"2025-08-26T12:19:15+00:00\",\"description\":\"Nous mettons un bar\u00e8me pour la commission auxquelles nous pr\u00e9tendons pour chaque vente r\u00e9alis\u00e9e. Calcul\u00e9 en montant hors taxe.\",\"breadcrumb\":{\"@id\":\"https:\\\/\\\/www.wineobjectives.com\\\/fr\\\/expertise\\\/honoraires-dagence\\\/#breadcrumb\"},\"inLanguage\":\"fr-FR\",\"potentialAction\":[{\"@type\":\"ReadAction\",\"target\":[\"https:\\\/\\\/www.wineobjectives.com\\\/fr\\\/expertise\\\/honoraires-dagence\\\/\"]}]},{\"@type\":\"ImageObject\",\"inLanguage\":\"fr-FR\",\"@id\":\"https:\\\/\\\/www.wineobjectives.com\\\/fr\\\/expertise\\\/honoraires-dagence\\\/#primaryimage\",\"url\":\"https:\\\/\\\/www.wineobjectives.com\\\/wp-content\\\/uploads\\\/2025\\\/08\\\/honoraires.webp\",\"contentUrl\":\"https:\\\/\\\/www.wineobjectives.com\\\/wp-content\\\/uploads\\\/2025\\\/08\\\/honoraires.webp\"},{\"@type\":\"BreadcrumbList\",\"@id\":\"https:\\\/\\\/www.wineobjectives.com\\\/fr\\\/expertise\\\/honoraires-dagence\\\/#breadcrumb\",\"itemListElement\":[{\"@type\":\"ListItem\",\"position\":1,\"name\":\"Accueil\",\"item\":\"https:\\\/\\\/www.wineobjectives.com\\\/fr\\\/\"},{\"@type\":\"ListItem\",\"position\":2,\"name\":\"Notre Expertise\",\"item\":\"https:\\\/\\\/www.wineobjectives.com\\\/fr\\\/expertise\\\/\"},{\"@type\":\"ListItem\",\"position\":3,\"name\":\"Honoraires d&rsquo;agence\"}]},{\"@type\":\"WebSite\",\"@id\":\"https:\\\/\\\/www.wineobjectives.com\\\/fr\\\/#website\",\"url\":\"https:\\\/\\\/www.wineobjectives.com\\\/fr\\\/\",\"name\":\"Wine Objectives\",\"description\":\"Wine Objectives\",\"publisher\":{\"@id\":\"https:\\\/\\\/www.wineobjectives.com\\\/fr\\\/#organization\"},\"potentialAction\":[{\"@type\":\"SearchAction\",\"target\":{\"@type\":\"EntryPoint\",\"urlTemplate\":\"https:\\\/\\\/www.wineobjectives.com\\\/fr\\\/?s={search_term_string}\"},\"query-input\":{\"@type\":\"PropertyValueSpecification\",\"valueRequired\":true,\"valueName\":\"search_term_string\"}}],\"inLanguage\":\"fr-FR\"},{\"@type\":\"Organization\",\"@id\":\"https:\\\/\\\/www.wineobjectives.com\\\/fr\\\/#organization\",\"name\":\"Wine Objectives\",\"url\":\"https:\\\/\\\/www.wineobjectives.com\\\/fr\\\/\",\"logo\":{\"@type\":\"ImageObject\",\"inLanguage\":\"fr-FR\",\"@id\":\"https:\\\/\\\/www.wineobjectives.com\\\/fr\\\/#\\\/schema\\\/logo\\\/image\\\/\",\"url\":\"https:\\\/\\\/www.wineobjectives.com\\\/wp-content\\\/uploads\\\/2022\\\/08\\\/cropped-cropped-gimmick_WO.png\",\"contentUrl\":\"https:\\\/\\\/www.wineobjectives.com\\\/wp-content\\\/uploads\\\/2022\\\/08\\\/cropped-cropped-gimmick_WO.png\",\"width\":130,\"height\":99,\"caption\":\"Wine Objectives\"},\"image\":{\"@id\":\"https:\\\/\\\/www.wineobjectives.com\\\/fr\\\/#\\\/schema\\\/logo\\\/image\\\/\"}}]}<\/script>\n<!-- \/ Yoast SEO plugin. -->","yoast_head_json":{"title":"Honoraires","description":"Nous mettons un bar\u00e8me pour la commission auxquelles nous pr\u00e9tendons pour chaque vente r\u00e9alis\u00e9e. Calcul\u00e9 en montant hors taxe.","robots":{"index":"index","follow":"follow","max-snippet":"max-snippet:-1","max-image-preview":"max-image-preview:large","max-video-preview":"max-video-preview:-1"},"canonical":"https:\/\/www.wineobjectives.com\/fr\/expertise\/honoraires-dagence\/","twitter_card":"summary_large_image","twitter_title":"Honoraires","twitter_description":"Nous mettons un bar\u00e8me pour la commission auxquelles nous pr\u00e9tendons pour chaque vente r\u00e9alis\u00e9e. Calcul\u00e9 en montant hors taxe.","twitter_image":"https:\/\/www.wineobjectives.com\/wp-content\/uploads\/2025\/08\/honoraires.webp","twitter_misc":{"Dur\u00e9e de lecture estim\u00e9e":"1 minute"},"schema":{"@context":"https:\/\/schema.org","@graph":[{"@type":"WebPage","@id":"https:\/\/www.wineobjectives.com\/fr\/expertise\/honoraires-dagence\/","url":"https:\/\/www.wineobjectives.com\/fr\/expertise\/honoraires-dagence\/","name":"Honoraires","isPartOf":{"@id":"https:\/\/www.wineobjectives.com\/fr\/#website"},"primaryImageOfPage":{"@id":"https:\/\/www.wineobjectives.com\/fr\/expertise\/honoraires-dagence\/#primaryimage"},"image":{"@id":"https:\/\/www.wineobjectives.com\/fr\/expertise\/honoraires-dagence\/#primaryimage"},"thumbnailUrl":"https:\/\/www.wineobjectives.com\/wp-content\/uploads\/2025\/08\/honoraires.webp","datePublished":"2019-01-18T08:57:37+00:00","dateModified":"2025-08-26T12:19:15+00:00","description":"Nous mettons un bar\u00e8me pour la commission auxquelles nous pr\u00e9tendons pour chaque vente r\u00e9alis\u00e9e. Calcul\u00e9 en montant hors taxe.","breadcrumb":{"@id":"https:\/\/www.wineobjectives.com\/fr\/expertise\/honoraires-dagence\/#breadcrumb"},"inLanguage":"fr-FR","potentialAction":[{"@type":"ReadAction","target":["https:\/\/www.wineobjectives.com\/fr\/expertise\/honoraires-dagence\/"]}]},{"@type":"ImageObject","inLanguage":"fr-FR","@id":"https:\/\/www.wineobjectives.com\/fr\/expertise\/honoraires-dagence\/#primaryimage","url":"https:\/\/www.wineobjectives.com\/wp-content\/uploads\/2025\/08\/honoraires.webp","contentUrl":"https:\/\/www.wineobjectives.com\/wp-content\/uploads\/2025\/08\/honoraires.webp"},{"@type":"BreadcrumbList","@id":"https:\/\/www.wineobjectives.com\/fr\/expertise\/honoraires-dagence\/#breadcrumb","itemListElement":[{"@type":"ListItem","position":1,"name":"Accueil","item":"https:\/\/www.wineobjectives.com\/fr\/"},{"@type":"ListItem","position":2,"name":"Notre Expertise","item":"https:\/\/www.wineobjectives.com\/fr\/expertise\/"},{"@type":"ListItem","position":3,"name":"Honoraires d&rsquo;agence"}]},{"@type":"WebSite","@id":"https:\/\/www.wineobjectives.com\/fr\/#website","url":"https:\/\/www.wineobjectives.com\/fr\/","name":"Wine Objectives","description":"Wine Objectives","publisher":{"@id":"https:\/\/www.wineobjectives.com\/fr\/#organization"},"potentialAction":[{"@type":"SearchAction","target":{"@type":"EntryPoint","urlTemplate":"https:\/\/www.wineobjectives.com\/fr\/?s={search_term_string}"},"query-input":{"@type":"PropertyValueSpecification","valueRequired":true,"valueName":"search_term_string"}}],"inLanguage":"fr-FR"},{"@type":"Organization","@id":"https:\/\/www.wineobjectives.com\/fr\/#organization","name":"Wine Objectives","url":"https:\/\/www.wineobjectives.com\/fr\/","logo":{"@type":"ImageObject","inLanguage":"fr-FR","@id":"https:\/\/www.wineobjectives.com\/fr\/#\/schema\/logo\/image\/","url":"https:\/\/www.wineobjectives.com\/wp-content\/uploads\/2022\/08\/cropped-cropped-gimmick_WO.png","contentUrl":"https:\/\/www.wineobjectives.com\/wp-content\/uploads\/2022\/08\/cropped-cropped-gimmick_WO.png","width":130,"height":99,"caption":"Wine Objectives"},"image":{"@id":"https:\/\/www.wineobjectives.com\/fr\/#\/schema\/logo\/image\/"}}]}},"_links":{"self":[{"href":"https:\/\/www.wineobjectives.com\/fr\/wp-json\/wp\/v2\/pages\/40","targetHints":{"allow":["GET"]}}],"collection":[{"href":"https:\/\/www.wineobjectives.com\/fr\/wp-json\/wp\/v2\/pages"}],"about":[{"href":"https:\/\/www.wineobjectives.com\/fr\/wp-json\/wp\/v2\/types\/page"}],"author":[{"embeddable":true,"href":"https:\/\/www.wineobjectives.com\/fr\/wp-json\/wp\/v2\/users\/1"}],"replies":[{"embeddable":true,"href":"https:\/\/www.wineobjectives.com\/fr\/wp-json\/wp\/v2\/comments?post=40"}],"version-history":[{"count":17,"href":"https:\/\/www.wineobjectives.com\/fr\/wp-json\/wp\/v2\/pages\/40\/revisions"}],"predecessor-version":[{"id":16129,"href":"https:\/\/www.wineobjectives.com\/fr\/wp-json\/wp\/v2\/pages\/40\/revisions\/16129"}],"up":[{"embeddable":true,"href":"https:\/\/www.wineobjectives.com\/fr\/wp-json\/wp\/v2\/pages\/34"}],"wp:attachment":[{"href":"https:\/\/www.wineobjectives.com\/fr\/wp-json\/wp\/v2\/media?parent=40"}],"curies":[{"name":"wp","href":"https:\/\/api.w.org\/{rel}","templated":true}]}}