


{"id":42,"date":"2015-09-09T08:58:00","date_gmt":"2015-09-09T08:58:00","guid":{"rendered":"https:\/\/www.wineobjectives.com\/?page_id=42"},"modified":"2025-06-17T14:46:59","modified_gmt":"2025-06-17T14:46:59","slug":"services-annexes","status":"publish","type":"page","link":"https:\/\/www.wineobjectives.com\/fr\/expertise\/services-annexes\/","title":{"rendered":"Services annexes"},"content":{"rendered":"\t\t<div data-elementor-type=\"wp-page\" data-elementor-id=\"42\" class=\"elementor elementor-42\" data-elementor-post-type=\"page\">\n\t\t\t\t\t\t<section class=\"elementor-section elementor-top-section elementor-element elementor-element-6e94607a elementor-section-full_width elementor-section-height-default elementor-section-height-default\" data-id=\"6e94607a\" data-element_type=\"section\" data-e-type=\"section\">\n\t\t\t\t\t\t<div class=\"elementor-container elementor-column-gap-default\">\n\t\t\t\t\t<div class=\"elementor-column elementor-col-100 elementor-top-column elementor-element elementor-element-1b21f606\" data-id=\"1b21f606\" data-element_type=\"column\" data-e-type=\"column\">\n\t\t\t<div class=\"elementor-widget-wrap elementor-element-populated\">\n\t\t\t\t\t\t<div class=\"elementor-element elementor-element-78d82e99 elementor-widget elementor-widget-image\" data-id=\"78d82e99\" data-element_type=\"widget\" data-e-type=\"widget\" data-widget_type=\"image.default\">\n\t\t\t\t<div class=\"elementor-widget-container\">\n\t\t\t\t\t\t\t\t\t\t\t\t\t\t\t<img fetchpriority=\"high\" decoding=\"async\" width=\"1920\" height=\"322\" src=\"https:\/\/www.wineobjectives.com\/wp-content\/uploads\/2022\/12\/paysage-vigne-2-1.jpg\" class=\"attachment-full size-full wp-image-7477\" alt=\"paysage vigne\" srcset=\"https:\/\/www.wineobjectives.com\/wp-content\/uploads\/2022\/12\/paysage-vigne-2-1.jpg 1920w, https:\/\/www.wineobjectives.com\/wp-content\/uploads\/2022\/12\/paysage-vigne-2-1-300x50.jpg 300w, https:\/\/www.wineobjectives.com\/wp-content\/uploads\/2022\/12\/paysage-vigne-2-1-1024x172.jpg 1024w, https:\/\/www.wineobjectives.com\/wp-content\/uploads\/2022\/12\/paysage-vigne-2-1-768x129.jpg 768w, https:\/\/www.wineobjectives.com\/wp-content\/uploads\/2022\/12\/paysage-vigne-2-1-1536x258.jpg 1536w\" sizes=\"(max-width: 1920px) 100vw, 1920px\" \/>\t\t\t\t\t\t\t\t\t\t\t\t\t\t\t<\/div>\n\t\t\t\t<\/div>\n\t\t\t\t\t<\/div>\n\t\t<\/div>\n\t\t\t\t\t<\/div>\n\t\t<\/section>\n\t\t\t\t<section class=\"elementor-section elementor-top-section elementor-element elementor-element-60a3c2e6 elementor-section-boxed elementor-section-height-default elementor-section-height-default\" data-id=\"60a3c2e6\" data-element_type=\"section\" data-e-type=\"section\">\n\t\t\t\t\t\t<div class=\"elementor-container elementor-column-gap-default\">\n\t\t\t\t\t<div class=\"elementor-column elementor-col-100 elementor-top-column elementor-element elementor-element-31097e3b\" data-id=\"31097e3b\" data-element_type=\"column\" data-e-type=\"column\">\n\t\t\t<div class=\"elementor-widget-wrap elementor-element-populated\">\n\t\t\t\t\t\t<div class=\"elementor-element elementor-element-77b4702a elementor-widget elementor-widget-breadcrumbs\" data-id=\"77b4702a\" data-element_type=\"widget\" data-e-type=\"widget\" data-widget_type=\"breadcrumbs.default\">\n\t\t\t\t<div class=\"elementor-widget-container\">\n\t\t\t\t\t<p id=\"breadcrumbs\"><span><span><a href=\"https:\/\/www.wineobjectives.com\/fr\/\">Accueil<\/a><\/span><\/span><\/p>\t\t\t\t<\/div>\n\t\t\t\t<\/div>\n\t\t\t\t\t<\/div>\n\t\t<\/div>\n\t\t\t\t\t<\/div>\n\t\t<\/section>\n\t\t\t\t<section class=\"elementor-section elementor-top-section elementor-element elementor-element-3a46110f elementor-section-boxed elementor-section-height-default elementor-section-height-default\" data-id=\"3a46110f\" data-element_type=\"section\" data-e-type=\"section\">\n\t\t\t\t\t\t<div class=\"elementor-container elementor-column-gap-default\">\n\t\t\t\t\t<div class=\"elementor-column elementor-col-50 elementor-top-column elementor-element elementor-element-11f9699\" data-id=\"11f9699\" data-element_type=\"column\" data-e-type=\"column\">\n\t\t\t<div class=\"elementor-widget-wrap elementor-element-populated\">\n\t\t\t\t\t\t<div class=\"elementor-element elementor-element-e266961 elementor-widget elementor-widget-heading\" data-id=\"e266961\" data-element_type=\"widget\" data-e-type=\"widget\" data-widget_type=\"heading.default\">\n\t\t\t\t<div class=\"elementor-widget-container\">\n\t\t\t\t\t<h1 class=\"elementor-heading-title elementor-size-default\">Services annexes<\/h1>\t\t\t\t<\/div>\n\t\t\t\t<\/div>\n\t\t\t\t\t<\/div>\n\t\t<\/div>\n\t\t\t\t<div class=\"elementor-column elementor-col-50 elementor-top-column elementor-element elementor-element-e1c3fb4\" data-id=\"e1c3fb4\" data-element_type=\"column\" data-e-type=\"column\">\n\t\t\t<div class=\"elementor-widget-wrap elementor-element-populated\">\n\t\t\t\t\t\t<div class=\"elementor-element elementor-element-6e8567dd elementor-widget elementor-widget-text-editor\" data-id=\"6e8567dd\" data-element_type=\"widget\" data-e-type=\"widget\" data-widget_type=\"text-editor.default\">\n\t\t\t\t<div class=\"elementor-widget-container\">\n\t\t\t\t\t\t\t\t\t<p>Pour r\u00e9pondre aux besoins d\u2019une client\u00e8le professionnelle et avertie, WINE Objectives propose \u00e9galement les services annexes\u00a0:<\/p>\t\t\t\t\t\t\t\t<\/div>\n\t\t\t\t<\/div>\n\t\t\t\t\t<\/div>\n\t\t<\/div>\n\t\t\t\t\t<\/div>\n\t\t<\/section>\n\t\t\t\t<section class=\"elementor-section elementor-top-section elementor-element elementor-element-313bcd2f elementor-section-boxed elementor-section-height-default elementor-section-height-default\" data-id=\"313bcd2f\" data-element_type=\"section\" data-e-type=\"section\">\n\t\t\t\t\t\t<div class=\"elementor-container elementor-column-gap-default\">\n\t\t\t\t\t<div class=\"elementor-column elementor-col-50 elementor-top-column elementor-element elementor-element-5e8998c5\" data-id=\"5e8998c5\" data-element_type=\"column\" data-e-type=\"column\">\n\t\t\t<div class=\"elementor-widget-wrap elementor-element-populated\">\n\t\t\t\t\t\t<div class=\"elementor-element elementor-element-60e87827 elementor-widget elementor-widget-image\" data-id=\"60e87827\" data-element_type=\"widget\" data-e-type=\"widget\" data-widget_type=\"image.default\">\n\t\t\t\t<div class=\"elementor-widget-container\">\n\t\t\t\t\t\t\t\t\t\t\t\t\t\t\t<img decoding=\"async\" width=\"734\" height=\"418\" src=\"https:\/\/www.wineobjectives.com\/wp-content\/uploads\/2022\/09\/Two-French-winegrowers-in-their-vines-at-sunset.jpg\" class=\"attachment-full size-full wp-image-5025\" alt=\"fusion et acquisition viticoles\" srcset=\"https:\/\/www.wineobjectives.com\/wp-content\/uploads\/2022\/09\/Two-French-winegrowers-in-their-vines-at-sunset.jpg 734w, https:\/\/www.wineobjectives.com\/wp-content\/uploads\/2022\/09\/Two-French-winegrowers-in-their-vines-at-sunset-300x171.jpg 300w\" sizes=\"(max-width: 734px) 100vw, 734px\" \/>\t\t\t\t\t\t\t\t\t\t\t\t\t\t\t<\/div>\n\t\t\t\t<\/div>\n\t\t\t\t\t<\/div>\n\t\t<\/div>\n\t\t\t\t<div class=\"elementor-column elementor-col-50 elementor-top-column elementor-element elementor-element-72b777c8\" data-id=\"72b777c8\" data-element_type=\"column\" data-e-type=\"column\">\n\t\t\t<div class=\"elementor-widget-wrap elementor-element-populated\">\n\t\t\t\t\t\t<div class=\"elementor-element elementor-element-257ff946 elementor-widget elementor-widget-heading\" data-id=\"257ff946\" data-element_type=\"widget\" data-e-type=\"widget\" data-widget_type=\"heading.default\">\n\t\t\t\t<div class=\"elementor-widget-container\">\n\t\t\t\t\t<h2 class=\"elementor-heading-title elementor-size-default\">Restructuration et conseils strat\u00e9giques<\/h2>\t\t\t\t<\/div>\n\t\t\t\t<\/div>\n\t\t\t\t<div class=\"elementor-element elementor-element-1107698e elementor-widget elementor-widget-text-editor\" data-id=\"1107698e\" data-element_type=\"widget\" data-e-type=\"widget\" data-widget_type=\"text-editor.default\">\n\t\t\t\t<div class=\"elementor-widget-container\">\n\t\t\t\t\t\t\t\t\tDans le cadre de la restructuration de votre entreprise nous vous \u00e9paulons afin de naviguer et mieux comprendre les options et, par la suite, trouver la solution la mieux adapt\u00e9e \u00e0 vos besoins.\t\t\t\t\t\t\t\t<\/div>\n\t\t\t\t<\/div>\n\t\t\t\t\t<\/div>\n\t\t<\/div>\n\t\t\t\t\t<\/div>\n\t\t<\/section>\n\t\t\t\t<section class=\"elementor-section elementor-top-section elementor-element elementor-element-37b01af elementor-section-boxed elementor-section-height-default elementor-section-height-default\" data-id=\"37b01af\" data-element_type=\"section\" data-e-type=\"section\">\n\t\t\t\t\t\t<div class=\"elementor-container elementor-column-gap-default\">\n\t\t\t\t\t<div class=\"elementor-column elementor-col-50 elementor-top-column elementor-element elementor-element-62e4f364\" data-id=\"62e4f364\" data-element_type=\"column\" data-e-type=\"column\">\n\t\t\t<div class=\"elementor-widget-wrap elementor-element-populated\">\n\t\t\t\t\t\t<div class=\"elementor-element elementor-element-5abbf8af elementor-widget elementor-widget-heading\" data-id=\"5abbf8af\" data-element_type=\"widget\" data-e-type=\"widget\" data-widget_type=\"heading.default\">\n\t\t\t\t<div class=\"elementor-widget-container\">\n\t\t\t\t\t<h2 class=\"elementor-heading-title elementor-size-default\">Benchmarking et Analyse fonctionnelle <\/h2>\t\t\t\t<\/div>\n\t\t\t\t<\/div>\n\t\t\t\t<div class=\"elementor-element elementor-element-2cae808a elementor-widget elementor-widget-text-editor\" data-id=\"2cae808a\" data-element_type=\"widget\" data-e-type=\"widget\" data-widget_type=\"text-editor.default\">\n\t\t\t\t<div class=\"elementor-widget-container\">\n\t\t\t\t\t\t\t\t\t<p>Gr\u00e2ce \u00e0 notre exp\u00e9rience de plus de 25 ans dans la fili\u00e8re, nous vous proposons d\u2019analyser la gestion et le mode de fonctionnement de votre Domaine afin d\u2019optimiser et mieux ma\u00eetriser l\u2019ensemble de vos op\u00e9rations.<\/p>\t\t\t\t\t\t\t\t<\/div>\n\t\t\t\t<\/div>\n\t\t\t\t\t<\/div>\n\t\t<\/div>\n\t\t\t\t<div class=\"elementor-column elementor-col-50 elementor-top-column elementor-element elementor-element-299e0849\" data-id=\"299e0849\" data-element_type=\"column\" data-e-type=\"column\">\n\t\t\t<div class=\"elementor-widget-wrap elementor-element-populated\">\n\t\t\t\t\t\t<div class=\"elementor-element elementor-element-7856659d elementor-widget elementor-widget-image\" data-id=\"7856659d\" data-element_type=\"widget\" data-e-type=\"widget\" data-widget_type=\"image.default\">\n\t\t\t\t<div class=\"elementor-widget-container\">\n\t\t\t\t\t\t\t\t\t\t\t\t\t\t\t<img decoding=\"async\" width=\"734\" height=\"418\" src=\"https:\/\/www.wineobjectives.com\/wp-content\/uploads\/2022\/09\/Wine-cellar-with-wine-bottles-.with-space-for-text.jpg\" class=\"attachment-full size-full wp-image-5047\" alt=\"transaction de domaines\" srcset=\"https:\/\/www.wineobjectives.com\/wp-content\/uploads\/2022\/09\/Wine-cellar-with-wine-bottles-.with-space-for-text.jpg 734w, https:\/\/www.wineobjectives.com\/wp-content\/uploads\/2022\/09\/Wine-cellar-with-wine-bottles-.with-space-for-text-300x171.jpg 300w\" sizes=\"(max-width: 734px) 100vw, 734px\" \/>\t\t\t\t\t\t\t\t\t\t\t\t\t\t\t<\/div>\n\t\t\t\t<\/div>\n\t\t\t\t\t<\/div>\n\t\t<\/div>\n\t\t\t\t\t<\/div>\n\t\t<\/section>\n\t\t\t\t<section class=\"elementor-section elementor-top-section elementor-element elementor-element-6ee8feac elementor-section-boxed elementor-section-height-default elementor-section-height-default\" data-id=\"6ee8feac\" data-element_type=\"section\" data-e-type=\"section\">\n\t\t\t\t\t\t<div class=\"elementor-container elementor-column-gap-default\">\n\t\t\t\t\t<div class=\"elementor-column elementor-col-25 elementor-top-column elementor-element elementor-element-50e7cae5\" data-id=\"50e7cae5\" data-element_type=\"column\" data-e-type=\"column\">\n\t\t\t<div class=\"elementor-widget-wrap\">\n\t\t\t\t\t\t\t<\/div>\n\t\t<\/div>\n\t\t\t\t<div class=\"elementor-column elementor-col-50 elementor-top-column elementor-element elementor-element-65ef21b\" data-id=\"65ef21b\" data-element_type=\"column\" data-e-type=\"column\">\n\t\t\t<div class=\"elementor-widget-wrap elementor-element-populated\">\n\t\t\t\t\t\t<div class=\"elementor-element elementor-element-1b9eeaf4 elementor-widget elementor-widget-heading\" data-id=\"1b9eeaf4\" data-element_type=\"widget\" data-e-type=\"widget\" data-widget_type=\"heading.default\">\n\t\t\t\t<div class=\"elementor-widget-container\">\n\t\t\t\t\t<h2 class=\"elementor-heading-title elementor-size-default\">Fusions et acquisitions viticoles<\/h2>\t\t\t\t<\/div>\n\t\t\t\t<\/div>\n\t\t\t\t<div class=\"elementor-element elementor-element-2debccb elementor-widget elementor-widget-text-editor\" data-id=\"2debccb\" data-element_type=\"widget\" data-e-type=\"widget\" data-widget_type=\"text-editor.default\">\n\t\t\t\t<div class=\"elementor-widget-container\">\n\t\t\t\t\t\t\t\t\t<p>Nous repr\u00e9sentons nos clients qui souhaitent investir ou transmettre des entreprises sp\u00e9cifiques \u00e0 la fili\u00e8re viti-vinicole et nous nous appuyons sur notre exp\u00e9rience et notre r\u00e9seau pour trouver le juste partenaire pour la vente d\u2019un\u00a0<a href=\"https:\/\/www.wineobjectives.com\/fr\/domaines-viticoles\/provence\/\"><span style=\"text-decoration: underline;\"><span style=\"color: #6d7784; text-decoration: underline;\">domaine viticole en Provence<\/span><\/span><\/a>\u00a0ou dans le grand sud de la France.<\/p>\t\t\t\t\t\t\t\t<\/div>\n\t\t\t\t<\/div>\n\t\t\t\t\t<\/div>\n\t\t<\/div>\n\t\t\t\t<div class=\"elementor-column elementor-col-25 elementor-top-column elementor-element elementor-element-1e577944\" data-id=\"1e577944\" data-element_type=\"column\" data-e-type=\"column\">\n\t\t\t<div class=\"elementor-widget-wrap\">\n\t\t\t\t\t\t\t<\/div>\n\t\t<\/div>\n\t\t\t\t\t<\/div>\n\t\t<\/section>\n\t\t\t\t<\/div>\n\t\t","protected":false},"excerpt":{"rendered":"<p>Services annexes Pour r\u00e9pondre aux besoins d\u2019une client\u00e8le professionnelle et avertie, WINE Objectives propose \u00e9galement les services annexes\u00a0: Restructuration et conseils strat\u00e9giques Dans le cadre de la restructuration de votre entreprise nous vous \u00e9paulons afin de naviguer et mieux comprendre les options et, par la suite, trouver la solution la mieux adapt\u00e9e \u00e0 vos besoins. [&hellip;]<\/p>\n","protected":false},"author":1,"featured_media":43,"parent":34,"menu_order":2,"comment_status":"closed","ping_status":"closed","template":"elementor_header_footer","meta":{"_acf_changed":false,"footnotes":""},"class_list":["post-42","page","type-page","status-publish","has-post-thumbnail","hentry"],"acf":[],"yoast_head":"<!-- This site is optimized with the Yoast SEO plugin v27.3 - https:\/\/yoast.com\/product\/yoast-seo-wordpress\/ -->\n<title>Restructuration, Benchmark, fusion d&#039;acquisition viticole<\/title>\n<meta name=\"description\" content=\"WINE Objectives vous conseille et vous accompagne dans la restructuration, analyse fonctionnelle, et la fusion d&#039;acquisition viticole.\" \/>\n<meta name=\"robots\" content=\"index, follow, max-snippet:-1, max-image-preview:large, max-video-preview:-1\" \/>\n<link rel=\"canonical\" href=\"https:\/\/www.wineobjectives.com\/fr\/expertise\/services-annexes\/\" \/>\n<meta name=\"twitter:card\" content=\"summary_large_image\" \/>\n<meta name=\"twitter:title\" content=\"Restructuration, Benchmark, fusion d&#039;acquisition viticole\" \/>\n<meta name=\"twitter:description\" content=\"WINE Objectives vous conseille et vous accompagne dans la restructuration, analyse fonctionnelle, et la fusion d&#039;acquisition viticole.\" \/>\n<meta name=\"twitter:image\" content=\"https:\/\/www.wineobjectives.com\/wp-content\/uploads\/2022\/04\/Le-Vigneron-advert.webp\" \/>\n<meta name=\"twitter:label1\" content=\"Dur\u00e9e de lecture estim\u00e9e\" \/>\n\t<meta name=\"twitter:data1\" content=\"2 minutes\" \/>\n<script type=\"application\/ld+json\" class=\"yoast-schema-graph\">{\"@context\":\"https:\\\/\\\/schema.org\",\"@graph\":[{\"@type\":\"WebPage\",\"@id\":\"https:\\\/\\\/www.wineobjectives.com\\\/fr\\\/expertise\\\/services-annexes\\\/\",\"url\":\"https:\\\/\\\/www.wineobjectives.com\\\/fr\\\/expertise\\\/services-annexes\\\/\",\"name\":\"Restructuration, Benchmark, fusion d'acquisition viticole\",\"isPartOf\":{\"@id\":\"https:\\\/\\\/www.wineobjectives.com\\\/fr\\\/#website\"},\"primaryImageOfPage\":{\"@id\":\"https:\\\/\\\/www.wineobjectives.com\\\/fr\\\/expertise\\\/services-annexes\\\/#primaryimage\"},\"image\":{\"@id\":\"https:\\\/\\\/www.wineobjectives.com\\\/fr\\\/expertise\\\/services-annexes\\\/#primaryimage\"},\"thumbnailUrl\":\"https:\\\/\\\/www.wineobjectives.com\\\/wp-content\\\/uploads\\\/2022\\\/04\\\/Le-Vigneron-advert.webp\",\"datePublished\":\"2015-09-09T08:58:00+00:00\",\"dateModified\":\"2025-06-17T14:46:59+00:00\",\"description\":\"WINE Objectives vous conseille et vous accompagne dans la restructuration, analyse fonctionnelle, et la fusion d'acquisition viticole.\",\"breadcrumb\":{\"@id\":\"https:\\\/\\\/www.wineobjectives.com\\\/fr\\\/expertise\\\/services-annexes\\\/#breadcrumb\"},\"inLanguage\":\"fr-FR\",\"potentialAction\":[{\"@type\":\"ReadAction\",\"target\":[\"https:\\\/\\\/www.wineobjectives.com\\\/fr\\\/expertise\\\/services-annexes\\\/\"]}]},{\"@type\":\"ImageObject\",\"inLanguage\":\"fr-FR\",\"@id\":\"https:\\\/\\\/www.wineobjectives.com\\\/fr\\\/expertise\\\/services-annexes\\\/#primaryimage\",\"url\":\"https:\\\/\\\/www.wineobjectives.com\\\/wp-content\\\/uploads\\\/2022\\\/04\\\/Le-Vigneron-advert.webp\",\"contentUrl\":\"https:\\\/\\\/www.wineobjectives.com\\\/wp-content\\\/uploads\\\/2022\\\/04\\\/Le-Vigneron-advert.webp\",\"width\":500,\"height\":332,\"caption\":\"services annexes\"},{\"@type\":\"BreadcrumbList\",\"@id\":\"https:\\\/\\\/www.wineobjectives.com\\\/fr\\\/expertise\\\/services-annexes\\\/#breadcrumb\",\"itemListElement\":[{\"@type\":\"ListItem\",\"position\":1,\"name\":\"Accueil\",\"item\":\"https:\\\/\\\/www.wineobjectives.com\\\/fr\\\/\"},{\"@type\":\"ListItem\",\"position\":2,\"name\":\"Notre Expertise\",\"item\":\"https:\\\/\\\/www.wineobjectives.com\\\/fr\\\/expertise\\\/\"},{\"@type\":\"ListItem\",\"position\":3,\"name\":\"Services annexes\"}]},{\"@type\":\"WebSite\",\"@id\":\"https:\\\/\\\/www.wineobjectives.com\\\/fr\\\/#website\",\"url\":\"https:\\\/\\\/www.wineobjectives.com\\\/fr\\\/\",\"name\":\"Wine Objectives\",\"description\":\"Wine Objectives\",\"publisher\":{\"@id\":\"https:\\\/\\\/www.wineobjectives.com\\\/fr\\\/#organization\"},\"potentialAction\":[{\"@type\":\"SearchAction\",\"target\":{\"@type\":\"EntryPoint\",\"urlTemplate\":\"https:\\\/\\\/www.wineobjectives.com\\\/fr\\\/?s={search_term_string}\"},\"query-input\":{\"@type\":\"PropertyValueSpecification\",\"valueRequired\":true,\"valueName\":\"search_term_string\"}}],\"inLanguage\":\"fr-FR\"},{\"@type\":\"Organization\",\"@id\":\"https:\\\/\\\/www.wineobjectives.com\\\/fr\\\/#organization\",\"name\":\"Wine Objectives\",\"url\":\"https:\\\/\\\/www.wineobjectives.com\\\/fr\\\/\",\"logo\":{\"@type\":\"ImageObject\",\"inLanguage\":\"fr-FR\",\"@id\":\"https:\\\/\\\/www.wineobjectives.com\\\/fr\\\/#\\\/schema\\\/logo\\\/image\\\/\",\"url\":\"https:\\\/\\\/www.wineobjectives.com\\\/wp-content\\\/uploads\\\/2022\\\/08\\\/cropped-cropped-gimmick_WO.png\",\"contentUrl\":\"https:\\\/\\\/www.wineobjectives.com\\\/wp-content\\\/uploads\\\/2022\\\/08\\\/cropped-cropped-gimmick_WO.png\",\"width\":130,\"height\":99,\"caption\":\"Wine Objectives\"},\"image\":{\"@id\":\"https:\\\/\\\/www.wineobjectives.com\\\/fr\\\/#\\\/schema\\\/logo\\\/image\\\/\"}}]}<\/script>\n<!-- \/ Yoast SEO plugin. -->","yoast_head_json":{"title":"Restructuration, Benchmark, fusion d'acquisition viticole","description":"WINE Objectives vous conseille et vous accompagne dans la restructuration, analyse fonctionnelle, et la fusion d'acquisition viticole.","robots":{"index":"index","follow":"follow","max-snippet":"max-snippet:-1","max-image-preview":"max-image-preview:large","max-video-preview":"max-video-preview:-1"},"canonical":"https:\/\/www.wineobjectives.com\/fr\/expertise\/services-annexes\/","twitter_card":"summary_large_image","twitter_title":"Restructuration, Benchmark, fusion d'acquisition viticole","twitter_description":"WINE Objectives vous conseille et vous accompagne dans la restructuration, analyse fonctionnelle, et la fusion d'acquisition viticole.","twitter_image":"https:\/\/www.wineobjectives.com\/wp-content\/uploads\/2022\/04\/Le-Vigneron-advert.webp","twitter_misc":{"Dur\u00e9e de lecture estim\u00e9e":"2 minutes"},"schema":{"@context":"https:\/\/schema.org","@graph":[{"@type":"WebPage","@id":"https:\/\/www.wineobjectives.com\/fr\/expertise\/services-annexes\/","url":"https:\/\/www.wineobjectives.com\/fr\/expertise\/services-annexes\/","name":"Restructuration, Benchmark, fusion d'acquisition viticole","isPartOf":{"@id":"https:\/\/www.wineobjectives.com\/fr\/#website"},"primaryImageOfPage":{"@id":"https:\/\/www.wineobjectives.com\/fr\/expertise\/services-annexes\/#primaryimage"},"image":{"@id":"https:\/\/www.wineobjectives.com\/fr\/expertise\/services-annexes\/#primaryimage"},"thumbnailUrl":"https:\/\/www.wineobjectives.com\/wp-content\/uploads\/2022\/04\/Le-Vigneron-advert.webp","datePublished":"2015-09-09T08:58:00+00:00","dateModified":"2025-06-17T14:46:59+00:00","description":"WINE Objectives vous conseille et vous accompagne dans la restructuration, analyse fonctionnelle, et la fusion d'acquisition viticole.","breadcrumb":{"@id":"https:\/\/www.wineobjectives.com\/fr\/expertise\/services-annexes\/#breadcrumb"},"inLanguage":"fr-FR","potentialAction":[{"@type":"ReadAction","target":["https:\/\/www.wineobjectives.com\/fr\/expertise\/services-annexes\/"]}]},{"@type":"ImageObject","inLanguage":"fr-FR","@id":"https:\/\/www.wineobjectives.com\/fr\/expertise\/services-annexes\/#primaryimage","url":"https:\/\/www.wineobjectives.com\/wp-content\/uploads\/2022\/04\/Le-Vigneron-advert.webp","contentUrl":"https:\/\/www.wineobjectives.com\/wp-content\/uploads\/2022\/04\/Le-Vigneron-advert.webp","width":500,"height":332,"caption":"services annexes"},{"@type":"BreadcrumbList","@id":"https:\/\/www.wineobjectives.com\/fr\/expertise\/services-annexes\/#breadcrumb","itemListElement":[{"@type":"ListItem","position":1,"name":"Accueil","item":"https:\/\/www.wineobjectives.com\/fr\/"},{"@type":"ListItem","position":2,"name":"Notre Expertise","item":"https:\/\/www.wineobjectives.com\/fr\/expertise\/"},{"@type":"ListItem","position":3,"name":"Services annexes"}]},{"@type":"WebSite","@id":"https:\/\/www.wineobjectives.com\/fr\/#website","url":"https:\/\/www.wineobjectives.com\/fr\/","name":"Wine Objectives","description":"Wine Objectives","publisher":{"@id":"https:\/\/www.wineobjectives.com\/fr\/#organization"},"potentialAction":[{"@type":"SearchAction","target":{"@type":"EntryPoint","urlTemplate":"https:\/\/www.wineobjectives.com\/fr\/?s={search_term_string}"},"query-input":{"@type":"PropertyValueSpecification","valueRequired":true,"valueName":"search_term_string"}}],"inLanguage":"fr-FR"},{"@type":"Organization","@id":"https:\/\/www.wineobjectives.com\/fr\/#organization","name":"Wine Objectives","url":"https:\/\/www.wineobjectives.com\/fr\/","logo":{"@type":"ImageObject","inLanguage":"fr-FR","@id":"https:\/\/www.wineobjectives.com\/fr\/#\/schema\/logo\/image\/","url":"https:\/\/www.wineobjectives.com\/wp-content\/uploads\/2022\/08\/cropped-cropped-gimmick_WO.png","contentUrl":"https:\/\/www.wineobjectives.com\/wp-content\/uploads\/2022\/08\/cropped-cropped-gimmick_WO.png","width":130,"height":99,"caption":"Wine Objectives"},"image":{"@id":"https:\/\/www.wineobjectives.com\/fr\/#\/schema\/logo\/image\/"}}]}},"_links":{"self":[{"href":"https:\/\/www.wineobjectives.com\/fr\/wp-json\/wp\/v2\/pages\/42","targetHints":{"allow":["GET"]}}],"collection":[{"href":"https:\/\/www.wineobjectives.com\/fr\/wp-json\/wp\/v2\/pages"}],"about":[{"href":"https:\/\/www.wineobjectives.com\/fr\/wp-json\/wp\/v2\/types\/page"}],"author":[{"embeddable":true,"href":"https:\/\/www.wineobjectives.com\/fr\/wp-json\/wp\/v2\/users\/1"}],"replies":[{"embeddable":true,"href":"https:\/\/www.wineobjectives.com\/fr\/wp-json\/wp\/v2\/comments?post=42"}],"version-history":[{"count":9,"href":"https:\/\/www.wineobjectives.com\/fr\/wp-json\/wp\/v2\/pages\/42\/revisions"}],"predecessor-version":[{"id":15426,"href":"https:\/\/www.wineobjectives.com\/fr\/wp-json\/wp\/v2\/pages\/42\/revisions\/15426"}],"up":[{"embeddable":true,"href":"https:\/\/www.wineobjectives.com\/fr\/wp-json\/wp\/v2\/pages\/34"}],"wp:featuredmedia":[{"embeddable":true,"href":"https:\/\/www.wineobjectives.com\/fr\/wp-json\/wp\/v2\/media\/43"}],"wp:attachment":[{"href":"https:\/\/www.wineobjectives.com\/fr\/wp-json\/wp\/v2\/media?parent=42"}],"curies":[{"name":"wp","href":"https:\/\/api.w.org\/{rel}","templated":true}]}}