


{"id":51,"date":"2015-08-19T09:10:00","date_gmt":"2015-08-19T09:10:00","guid":{"rendered":"https:\/\/www.wineobjectives.com\/?page_id=51"},"modified":"2025-06-10T13:52:11","modified_gmt":"2025-06-10T13:52:11","slug":"contact","status":"publish","type":"page","link":"https:\/\/www.wineobjectives.com\/fr\/contact\/","title":{"rendered":"Contact"},"content":{"rendered":"\t\t<div data-elementor-type=\"wp-page\" data-elementor-id=\"51\" class=\"elementor elementor-51\" data-elementor-post-type=\"page\">\n\t\t\t\t\t\t<section class=\"elementor-section elementor-top-section elementor-element elementor-element-a128f6a elementor-section-full_width elementor-section-height-default elementor-section-height-default\" data-id=\"a128f6a\" data-element_type=\"section\" data-e-type=\"section\" data-settings=\"{&quot;background_background&quot;:&quot;classic&quot;}\">\n\t\t\t\t\t\t<div class=\"elementor-container elementor-column-gap-default\">\n\t\t\t\t\t<div class=\"elementor-column elementor-col-100 elementor-top-column elementor-element elementor-element-4ded0e20\" data-id=\"4ded0e20\" data-element_type=\"column\" data-e-type=\"column\">\n\t\t\t<div class=\"elementor-widget-wrap elementor-element-populated\">\n\t\t\t\t\t\t<div class=\"elementor-element elementor-element-3a5e8c66 elementor-widget elementor-widget-image\" data-id=\"3a5e8c66\" data-element_type=\"widget\" data-e-type=\"widget\" data-widget_type=\"image.default\">\n\t\t\t\t<div class=\"elementor-widget-container\">\n\t\t\t\t\t\t\t\t\t\t\t\t\t\t\t<img decoding=\"async\" src=\"https:\/\/www.wineobjectives.com\/wp-content\/uploads\/2022\/12\/vigne-1.jpg\" title=\"vigne\" alt=\"contact\" loading=\"lazy\" \/>\t\t\t\t\t\t\t\t\t\t\t\t\t\t\t<\/div>\n\t\t\t\t<\/div>\n\t\t\t\t\t<\/div>\n\t\t<\/div>\n\t\t\t\t\t<\/div>\n\t\t<\/section>\n\t\t\t\t<section class=\"elementor-section elementor-top-section elementor-element elementor-element-4175eef0 elementor-section-boxed elementor-section-height-default elementor-section-height-default\" data-id=\"4175eef0\" data-element_type=\"section\" data-e-type=\"section\">\n\t\t\t\t\t\t<div class=\"elementor-container elementor-column-gap-default\">\n\t\t\t\t\t<div class=\"elementor-column elementor-col-100 elementor-top-column elementor-element elementor-element-44685f22\" data-id=\"44685f22\" data-element_type=\"column\" data-e-type=\"column\">\n\t\t\t<div class=\"elementor-widget-wrap\">\n\t\t\t\t\t\t\t<\/div>\n\t\t<\/div>\n\t\t\t\t\t<\/div>\n\t\t<\/section>\n\t\t\t\t<section class=\"elementor-section elementor-top-section elementor-element elementor-element-8a573d4 elementor-section-boxed elementor-section-height-default elementor-section-height-default\" data-id=\"8a573d4\" data-element_type=\"section\" data-e-type=\"section\">\n\t\t\t\t\t\t<div class=\"elementor-container elementor-column-gap-default\">\n\t\t\t\t\t<div class=\"elementor-column elementor-col-100 elementor-top-column elementor-element elementor-element-d53b646\" data-id=\"d53b646\" data-element_type=\"column\" data-e-type=\"column\">\n\t\t\t<div class=\"elementor-widget-wrap elementor-element-populated\">\n\t\t\t\t\t\t<section class=\"elementor-section elementor-inner-section elementor-element elementor-element-e64ca15 elementor-section-full_width elementor-section-height-default elementor-section-height-default\" data-id=\"e64ca15\" data-element_type=\"section\" data-e-type=\"section\">\n\t\t\t\t\t\t<div class=\"elementor-container elementor-column-gap-default\">\n\t\t\t\t\t<div class=\"elementor-column elementor-col-50 elementor-inner-column elementor-element elementor-element-37f10f1\" data-id=\"37f10f1\" data-element_type=\"column\" data-e-type=\"column\">\n\t\t\t<div class=\"elementor-widget-wrap elementor-element-populated\">\n\t\t\t\t\t\t<div class=\"elementor-element elementor-element-0ae0045 elementor-widget elementor-widget-heading\" data-id=\"0ae0045\" data-element_type=\"widget\" data-e-type=\"widget\" data-widget_type=\"heading.default\">\n\t\t\t\t<div class=\"elementor-widget-container\">\n\t\t\t\t\t<h1 class=\"elementor-heading-title elementor-size-default\">CONTACTEZ-NOUS<\/h1>\t\t\t\t<\/div>\n\t\t\t\t<\/div>\n\t\t\t\t\t<\/div>\n\t\t<\/div>\n\t\t\t\t<div class=\"elementor-column elementor-col-50 elementor-inner-column elementor-element elementor-element-26a82a9\" data-id=\"26a82a9\" data-element_type=\"column\" data-e-type=\"column\">\n\t\t\t<div class=\"elementor-widget-wrap elementor-element-populated\">\n\t\t\t\t\t\t<div class=\"elementor-element elementor-element-048d6bc elementor-widget elementor-widget-text-editor\" data-id=\"048d6bc\" data-element_type=\"widget\" data-e-type=\"widget\" data-widget_type=\"text-editor.default\">\n\t\t\t\t<div class=\"elementor-widget-container\">\n\t\t\t\t\t\t\t\t\t<p>Nous aimons prendre de vos nouvelles. Vous pouvez nous envoyer un e-mail, nous contacter sur nos r\u00e9seaux sociaux ou simplement nous appeler pour parler en direct de service client, de questions de vente, de demandes des m\u00e9dias et plus encore.<\/p>\t\t\t\t\t\t\t\t<\/div>\n\t\t\t\t<\/div>\n\t\t\t\t\t<\/div>\n\t\t<\/div>\n\t\t\t\t\t<\/div>\n\t\t<\/section>\n\t\t\t\t\t<\/div>\n\t\t<\/div>\n\t\t\t\t\t<\/div>\n\t\t<\/section>\n\t\t\t\t<section class=\"elementor-section elementor-top-section elementor-element elementor-element-d1f8958 elementor-section-boxed elementor-section-height-default elementor-section-height-default\" data-id=\"d1f8958\" data-element_type=\"section\" data-e-type=\"section\">\n\t\t\t\t\t\t<div class=\"elementor-container elementor-column-gap-default\">\n\t\t\t\t\t<div class=\"elementor-column elementor-col-33 elementor-top-column elementor-element elementor-element-8c00889\" data-id=\"8c00889\" data-element_type=\"column\" data-e-type=\"column\">\n\t\t\t<div class=\"elementor-widget-wrap elementor-element-populated\">\n\t\t\t\t\t\t<div class=\"elementor-element elementor-element-71e33d4 elementor-widget elementor-widget-heading\" data-id=\"71e33d4\" data-element_type=\"widget\" data-e-type=\"widget\" data-widget_type=\"heading.default\">\n\t\t\t\t<div class=\"elementor-widget-container\">\n\t\t\t\t\t<h4 class=\"elementor-heading-title elementor-size-default\">EMAIL DE CONTACT<\/h4>\t\t\t\t<\/div>\n\t\t\t\t<\/div>\n\t\t\t\t<div class=\"elementor-element elementor-element-76880b8 elementor-widget elementor-widget-text-editor\" data-id=\"76880b8\" data-element_type=\"widget\" data-e-type=\"widget\" data-widget_type=\"text-editor.default\">\n\t\t\t\t<div class=\"elementor-widget-container\">\n\t\t\t\t\t\t\t\t\t<p><a href=\"mailto:info@wineobjectives.com\">info@wineobjectives.com<\/a><\/p>\t\t\t\t\t\t\t\t<\/div>\n\t\t\t\t<\/div>\n\t\t\t\t\t<\/div>\n\t\t<\/div>\n\t\t\t\t<div class=\"elementor-column elementor-col-33 elementor-top-column elementor-element elementor-element-b26946f\" data-id=\"b26946f\" data-element_type=\"column\" data-e-type=\"column\">\n\t\t\t<div class=\"elementor-widget-wrap elementor-element-populated\">\n\t\t\t\t\t\t<div class=\"elementor-element elementor-element-bd4f2a0 elementor-widget elementor-widget-heading\" data-id=\"bd4f2a0\" data-element_type=\"widget\" data-e-type=\"widget\" data-widget_type=\"heading.default\">\n\t\t\t\t<div class=\"elementor-widget-container\">\n\t\t\t\t\t<h4 class=\"elementor-heading-title elementor-size-default\">ADRESSE POSTALE<\/h4>\t\t\t\t<\/div>\n\t\t\t\t<\/div>\n\t\t\t\t<div class=\"elementor-element elementor-element-8a1594a elementor-widget elementor-widget-text-editor\" data-id=\"8a1594a\" data-element_type=\"widget\" data-e-type=\"widget\" data-widget_type=\"text-editor.default\">\n\t\t\t\t<div class=\"elementor-widget-container\">\n\t\t\t\t\t\t\t\t\t87 Chem. de Garrigouille,<br\/> 30670 Aigues-Vives, France\t\t\t\t\t\t\t\t<\/div>\n\t\t\t\t<\/div>\n\t\t\t\t\t<\/div>\n\t\t<\/div>\n\t\t\t\t<div class=\"elementor-column elementor-col-33 elementor-top-column elementor-element elementor-element-7975915\" data-id=\"7975915\" data-element_type=\"column\" data-e-type=\"column\">\n\t\t\t<div class=\"elementor-widget-wrap elementor-element-populated\">\n\t\t\t\t\t\t<div class=\"elementor-element elementor-element-9128ced elementor-widget elementor-widget-heading\" data-id=\"9128ced\" data-element_type=\"widget\" data-e-type=\"widget\" data-widget_type=\"heading.default\">\n\t\t\t\t<div class=\"elementor-widget-container\">\n\t\t\t\t\t<h4 class=\"elementor-heading-title elementor-size-default\">T\u00c9L\u00c9PHONE DE CONTACT<\/h4>\t\t\t\t<\/div>\n\t\t\t\t<\/div>\n\t\t\t\t<div class=\"elementor-element elementor-element-cdaeb01 elementor-widget elementor-widget-text-editor\" data-id=\"cdaeb01\" data-element_type=\"widget\" data-e-type=\"widget\" data-widget_type=\"text-editor.default\">\n\t\t\t\t<div class=\"elementor-widget-container\">\n\t\t\t\t\t\t\t\t\t<a href=\"tel:+33635366186\">+33 (0)6.35.36.61.86<\/a><br>\n<a href=\"tel:+33466713468\">+33 (0)4.66.71.34.68<\/a>\t\t\t\t\t\t\t\t<\/div>\n\t\t\t\t<\/div>\n\t\t\t\t\t<\/div>\n\t\t<\/div>\n\t\t\t\t\t<\/div>\n\t\t<\/section>\n\t\t\t\t<section class=\"elementor-section elementor-top-section elementor-element elementor-element-9e566cc elementor-section-boxed elementor-section-height-default elementor-section-height-default\" data-id=\"9e566cc\" data-element_type=\"section\" data-e-type=\"section\">\n\t\t\t\t\t\t<div class=\"elementor-container elementor-column-gap-default\">\n\t\t\t\t\t<div class=\"elementor-column elementor-col-100 elementor-top-column elementor-element elementor-element-75668f9\" data-id=\"75668f9\" data-element_type=\"column\" data-e-type=\"column\">\n\t\t\t<div class=\"elementor-widget-wrap elementor-element-populated\">\n\t\t\t\t\t\t<div class=\"elementor-element elementor-element-b61e117 elementor-widget elementor-widget-shortcode\" data-id=\"b61e117\" data-element_type=\"widget\" data-e-type=\"widget\" data-widget_type=\"shortcode.default\">\n\t\t\t\t<div class=\"elementor-widget-container\">\n\t\t\t\t\t\t\t<div class=\"elementor-shortcode\">\n<div class=\"wpcf7 no-js\" id=\"wpcf7-f4043-o1\" lang=\"fr-FR\" dir=\"ltr\" data-wpcf7-id=\"4043\">\n<div class=\"screen-reader-response\"><p role=\"status\" aria-live=\"polite\" aria-atomic=\"true\"><\/p> <ul><\/ul><\/div>\n<form action=\"\/fr\/wp-json\/wp\/v2\/pages\/51#wpcf7-f4043-o1\" method=\"post\" class=\"wpcf7-form init\" aria-label=\"Formulaire de contact\" novalidate=\"novalidate\" data-status=\"init\">\n<fieldset class=\"hidden-fields-container\"><input type=\"hidden\" name=\"_wpcf7\" value=\"4043\" \/><input type=\"hidden\" name=\"_wpcf7_version\" value=\"6.1.5\" \/><input type=\"hidden\" name=\"_wpcf7_locale\" value=\"fr_FR\" \/><input type=\"hidden\" name=\"_wpcf7_unit_tag\" value=\"wpcf7-f4043-o1\" \/><input type=\"hidden\" name=\"_wpcf7_container_post\" value=\"0\" \/><input type=\"hidden\" name=\"_wpcf7_posted_data_hash\" value=\"\" \/><input type=\"hidden\" name=\"_wpcf7_recaptcha_response\" value=\"\" \/>\n<\/fieldset>\n<div class=\"row form-accueil\">\n  <div class=\"col-lg-4 col-md-6 col-xs-12\"> <span class=\"wpcf7-form-control-wrap\" data-name=\"nom-complet\"><input size=\"40\" maxlength=\"400\" class=\"wpcf7-form-control wpcf7-text wpcf7-validates-as-required\" aria-required=\"true\" aria-invalid=\"false\" placeholder=\"Nom Complet\" value=\"\" type=\"text\" name=\"nom-complet\" \/><\/span>\n    \n    <span class=\"wpcf7-form-control-wrap\" data-name=\"ville\"><input size=\"40\" maxlength=\"400\" class=\"wpcf7-form-control wpcf7-text wpcf7-validates-as-required\" aria-required=\"true\" aria-invalid=\"false\" placeholder=\"Ville\" value=\"\" type=\"text\" name=\"ville\" \/><\/span>\n    \n    <span class=\"wpcf7-form-control-wrap\" data-name=\"societe\"><input size=\"40\" maxlength=\"400\" class=\"wpcf7-form-control wpcf7-text wpcf7-validates-as-required\" aria-required=\"true\" aria-invalid=\"false\" placeholder=\"Soci\u00e9t\u00e9\" value=\"\" type=\"text\" name=\"societe\" \/><\/span> <\/div>\n  <div class=\"col-lg-4 col-md-6 col-xs-12\"> <span class=\"wpcf7-form-control-wrap\" data-name=\"tel-75\"><input size=\"40\" maxlength=\"400\" class=\"wpcf7-form-control wpcf7-tel wpcf7-validates-as-required wpcf7-text wpcf7-validates-as-tel\" aria-required=\"true\" aria-invalid=\"false\" placeholder=\"T\u00e9l\u00e9phone\" value=\"\" type=\"tel\" name=\"tel-75\" \/><\/span>\n    \n    <span class=\"wpcf7-form-control-wrap\" data-name=\"email-224\"><input size=\"40\" maxlength=\"400\" class=\"wpcf7-form-control wpcf7-email wpcf7-validates-as-required wpcf7-text wpcf7-validates-as-email\" aria-required=\"true\" aria-invalid=\"false\" placeholder=\"Email\" value=\"\" type=\"email\" name=\"email-224\" \/><\/span>\n    <span class=\"wpcf7-form-control-wrap\" data-name=\"refID\"><input size=\"40\" maxlength=\"400\" class=\"wpcf7-form-control wpcf7-text\" aria-invalid=\"false\" placeholder=\"R\u00e9f\u00e9rence de propri\u00e9t\u00e9s\" value=\"\" type=\"text\" name=\"refID\" \/><\/span> <\/div>\n  <div class=\"col-lg-4 col-md-12 col-xs-12\"> <span class=\"wpcf7-form-control-wrap\" data-name=\"message\"><textarea cols=\"40\" rows=\"10\" maxlength=\"2000\" class=\"wpcf7-form-control wpcf7-textarea wpcf7-validates-as-required\" aria-required=\"true\" aria-invalid=\"false\" placeholder=\"Message\" name=\"message\"><\/textarea><\/span> <\/div>\n<\/div>\n\n<div class=\"row\">\n\t<div class=\"col-lg-4 col-md-6 col-xs-12 obligatoire\"> *Tous les champs sont obligatoires.<\/div>\n\t<div class=\"col-lg-4 col-md-6 col-xs-12\"> <\/div>\n\t<div class=\"col-lg-4 col-md-6 col-xs-12\"><div class=\"outer-submit\"><span class=\"wpcf7-form-control-wrap recaptcha\" data-name=\"recaptcha\"><span data-sitekey=\"6LcqN8EqAAAAADy16HRY4us_WIUGHOCKaGTke28K\" class=\"wpcf7-form-control wpcf7-recaptcha g-recaptcha\"><\/span>\r\n<noscript>\r\n\t<div class=\"grecaptcha-noscript\">\r\n\t\t<iframe src=\"https:\/\/www.google.com\/recaptcha\/api\/fallback?k=6LcqN8EqAAAAADy16HRY4us_WIUGHOCKaGTke28K\" frameborder=\"0\" scrolling=\"no\" width=\"310\" height=\"430\">\r\n\t\t<\/iframe>\r\n\t\t<textarea name=\"g-recaptcha-response\" rows=\"3\" cols=\"40\" placeholder=\"reCaptcha Response Here\">\r\n\t\t<\/textarea>\r\n\t<\/div>\r\n<\/noscript>\r\n<\/span><input class=\"wpcf7-form-control wpcf7-submit has-spinner\" type=\"submit\" value=\"Envoyer\" \/><\/div> <\/div>\n<\/div><div class=\"wpcf7-response-output\" aria-hidden=\"true\"><\/div>\n<\/form>\n<\/div>\n<\/div>\n\t\t\t\t\t\t<\/div>\n\t\t\t\t<\/div>\n\t\t\t\t\t<\/div>\n\t\t<\/div>\n\t\t\t\t\t<\/div>\n\t\t<\/section>\n\t\t\t\t<\/div>\n\t\t","protected":false},"excerpt":{"rendered":"<p>CONTACTEZ-NOUS Nous aimons prendre de vos nouvelles. Vous pouvez nous envoyer un e-mail, nous contacter sur nos r\u00e9seaux sociaux ou simplement nous appeler pour parler en direct de service client, de questions de vente, de demandes des m\u00e9dias et plus encore. EMAIL DE CONTACT info@wineobjectives.com ADRESSE POSTALE 87 Chem. de Garrigouille, 30670 Aigues-Vives, France T\u00c9L\u00c9PHONE [&hellip;]<\/p>\n","protected":false},"author":1,"featured_media":0,"parent":0,"menu_order":0,"comment_status":"closed","ping_status":"closed","template":"elementor_header_footer","meta":{"_acf_changed":false,"footnotes":""},"class_list":["post-51","page","type-page","status-publish","hentry"],"acf":[],"yoast_head":"<!-- This site is optimized with the Yoast SEO plugin v27.3 - https:\/\/yoast.com\/product\/yoast-seo-wordpress\/ -->\n<title>Contactez-nous - Wine Objectives<\/title>\n<meta name=\"description\" content=\"Contactez-nous pour explorer nos services sp\u00e9cialis\u00e9s dans le secteur viticole. Notre \u00e9quipe vous guide avec expertise.\" \/>\n<meta name=\"robots\" content=\"index, follow, max-snippet:-1, max-image-preview:large, max-video-preview:-1\" \/>\n<link rel=\"canonical\" href=\"https:\/\/www.wineobjectives.com\/fr\/contact\/\" \/>\n<meta name=\"twitter:card\" content=\"summary_large_image\" \/>\n<meta name=\"twitter:title\" content=\"Contactez-nous - Wine Objectives\" \/>\n<meta name=\"twitter:description\" content=\"Contactez-nous pour explorer nos services sp\u00e9cialis\u00e9s dans le secteur viticole. Notre \u00e9quipe vous guide avec expertise.\" \/>\n<meta name=\"twitter:image\" content=\"https:\/\/www.wineobjectives.com\/wp-content\/uploads\/2022\/12\/vigne-1.jpg\" \/>\n<meta name=\"twitter:label1\" content=\"Dur\u00e9e de lecture estim\u00e9e\" \/>\n\t<meta name=\"twitter:data1\" content=\"1 minute\" \/>\n<script type=\"application\/ld+json\" class=\"yoast-schema-graph\">{\"@context\":\"https:\\\/\\\/schema.org\",\"@graph\":[{\"@type\":\"WebPage\",\"@id\":\"https:\\\/\\\/www.wineobjectives.com\\\/fr\\\/contact\\\/\",\"url\":\"https:\\\/\\\/www.wineobjectives.com\\\/fr\\\/contact\\\/\",\"name\":\"Contactez-nous - Wine Objectives\",\"isPartOf\":{\"@id\":\"https:\\\/\\\/www.wineobjectives.com\\\/fr\\\/#website\"},\"primaryImageOfPage\":{\"@id\":\"https:\\\/\\\/www.wineobjectives.com\\\/fr\\\/contact\\\/#primaryimage\"},\"image\":{\"@id\":\"https:\\\/\\\/www.wineobjectives.com\\\/fr\\\/contact\\\/#primaryimage\"},\"thumbnailUrl\":\"https:\\\/\\\/www.wineobjectives.com\\\/wp-content\\\/uploads\\\/2022\\\/12\\\/vigne-1.jpg\",\"datePublished\":\"2015-08-19T09:10:00+00:00\",\"dateModified\":\"2025-06-10T13:52:11+00:00\",\"description\":\"Contactez-nous pour explorer nos services sp\u00e9cialis\u00e9s dans le secteur viticole. Notre \u00e9quipe vous guide avec expertise.\",\"breadcrumb\":{\"@id\":\"https:\\\/\\\/www.wineobjectives.com\\\/fr\\\/contact\\\/#breadcrumb\"},\"inLanguage\":\"fr-FR\",\"potentialAction\":[{\"@type\":\"ReadAction\",\"target\":[\"https:\\\/\\\/www.wineobjectives.com\\\/fr\\\/contact\\\/\"]}]},{\"@type\":\"ImageObject\",\"inLanguage\":\"fr-FR\",\"@id\":\"https:\\\/\\\/www.wineobjectives.com\\\/fr\\\/contact\\\/#primaryimage\",\"url\":\"https:\\\/\\\/www.wineobjectives.com\\\/wp-content\\\/uploads\\\/2022\\\/12\\\/vigne-1.jpg\",\"contentUrl\":\"https:\\\/\\\/www.wineobjectives.com\\\/wp-content\\\/uploads\\\/2022\\\/12\\\/vigne-1.jpg\"},{\"@type\":\"BreadcrumbList\",\"@id\":\"https:\\\/\\\/www.wineobjectives.com\\\/fr\\\/contact\\\/#breadcrumb\",\"itemListElement\":[{\"@type\":\"ListItem\",\"position\":1,\"name\":\"Accueil\",\"item\":\"https:\\\/\\\/www.wineobjectives.com\\\/fr\\\/\"},{\"@type\":\"ListItem\",\"position\":2,\"name\":\"Contact\"}]},{\"@type\":\"WebSite\",\"@id\":\"https:\\\/\\\/www.wineobjectives.com\\\/fr\\\/#website\",\"url\":\"https:\\\/\\\/www.wineobjectives.com\\\/fr\\\/\",\"name\":\"Wine Objectives\",\"description\":\"Wine Objectives\",\"publisher\":{\"@id\":\"https:\\\/\\\/www.wineobjectives.com\\\/fr\\\/#organization\"},\"potentialAction\":[{\"@type\":\"SearchAction\",\"target\":{\"@type\":\"EntryPoint\",\"urlTemplate\":\"https:\\\/\\\/www.wineobjectives.com\\\/fr\\\/?s={search_term_string}\"},\"query-input\":{\"@type\":\"PropertyValueSpecification\",\"valueRequired\":true,\"valueName\":\"search_term_string\"}}],\"inLanguage\":\"fr-FR\"},{\"@type\":\"Organization\",\"@id\":\"https:\\\/\\\/www.wineobjectives.com\\\/fr\\\/#organization\",\"name\":\"Wine Objectives\",\"url\":\"https:\\\/\\\/www.wineobjectives.com\\\/fr\\\/\",\"logo\":{\"@type\":\"ImageObject\",\"inLanguage\":\"fr-FR\",\"@id\":\"https:\\\/\\\/www.wineobjectives.com\\\/fr\\\/#\\\/schema\\\/logo\\\/image\\\/\",\"url\":\"https:\\\/\\\/www.wineobjectives.com\\\/wp-content\\\/uploads\\\/2022\\\/08\\\/cropped-cropped-gimmick_WO.png\",\"contentUrl\":\"https:\\\/\\\/www.wineobjectives.com\\\/wp-content\\\/uploads\\\/2022\\\/08\\\/cropped-cropped-gimmick_WO.png\",\"width\":130,\"height\":99,\"caption\":\"Wine Objectives\"},\"image\":{\"@id\":\"https:\\\/\\\/www.wineobjectives.com\\\/fr\\\/#\\\/schema\\\/logo\\\/image\\\/\"}}]}<\/script>\n<!-- \/ Yoast SEO plugin. -->","yoast_head_json":{"title":"Contactez-nous - Wine Objectives","description":"Contactez-nous pour explorer nos services sp\u00e9cialis\u00e9s dans le secteur viticole. Notre \u00e9quipe vous guide avec expertise.","robots":{"index":"index","follow":"follow","max-snippet":"max-snippet:-1","max-image-preview":"max-image-preview:large","max-video-preview":"max-video-preview:-1"},"canonical":"https:\/\/www.wineobjectives.com\/fr\/contact\/","twitter_card":"summary_large_image","twitter_title":"Contactez-nous - Wine Objectives","twitter_description":"Contactez-nous pour explorer nos services sp\u00e9cialis\u00e9s dans le secteur viticole. Notre \u00e9quipe vous guide avec expertise.","twitter_image":"https:\/\/www.wineobjectives.com\/wp-content\/uploads\/2022\/12\/vigne-1.jpg","twitter_misc":{"Dur\u00e9e de lecture estim\u00e9e":"1 minute"},"schema":{"@context":"https:\/\/schema.org","@graph":[{"@type":"WebPage","@id":"https:\/\/www.wineobjectives.com\/fr\/contact\/","url":"https:\/\/www.wineobjectives.com\/fr\/contact\/","name":"Contactez-nous - Wine Objectives","isPartOf":{"@id":"https:\/\/www.wineobjectives.com\/fr\/#website"},"primaryImageOfPage":{"@id":"https:\/\/www.wineobjectives.com\/fr\/contact\/#primaryimage"},"image":{"@id":"https:\/\/www.wineobjectives.com\/fr\/contact\/#primaryimage"},"thumbnailUrl":"https:\/\/www.wineobjectives.com\/wp-content\/uploads\/2022\/12\/vigne-1.jpg","datePublished":"2015-08-19T09:10:00+00:00","dateModified":"2025-06-10T13:52:11+00:00","description":"Contactez-nous pour explorer nos services sp\u00e9cialis\u00e9s dans le secteur viticole. Notre \u00e9quipe vous guide avec expertise.","breadcrumb":{"@id":"https:\/\/www.wineobjectives.com\/fr\/contact\/#breadcrumb"},"inLanguage":"fr-FR","potentialAction":[{"@type":"ReadAction","target":["https:\/\/www.wineobjectives.com\/fr\/contact\/"]}]},{"@type":"ImageObject","inLanguage":"fr-FR","@id":"https:\/\/www.wineobjectives.com\/fr\/contact\/#primaryimage","url":"https:\/\/www.wineobjectives.com\/wp-content\/uploads\/2022\/12\/vigne-1.jpg","contentUrl":"https:\/\/www.wineobjectives.com\/wp-content\/uploads\/2022\/12\/vigne-1.jpg"},{"@type":"BreadcrumbList","@id":"https:\/\/www.wineobjectives.com\/fr\/contact\/#breadcrumb","itemListElement":[{"@type":"ListItem","position":1,"name":"Accueil","item":"https:\/\/www.wineobjectives.com\/fr\/"},{"@type":"ListItem","position":2,"name":"Contact"}]},{"@type":"WebSite","@id":"https:\/\/www.wineobjectives.com\/fr\/#website","url":"https:\/\/www.wineobjectives.com\/fr\/","name":"Wine Objectives","description":"Wine Objectives","publisher":{"@id":"https:\/\/www.wineobjectives.com\/fr\/#organization"},"potentialAction":[{"@type":"SearchAction","target":{"@type":"EntryPoint","urlTemplate":"https:\/\/www.wineobjectives.com\/fr\/?s={search_term_string}"},"query-input":{"@type":"PropertyValueSpecification","valueRequired":true,"valueName":"search_term_string"}}],"inLanguage":"fr-FR"},{"@type":"Organization","@id":"https:\/\/www.wineobjectives.com\/fr\/#organization","name":"Wine Objectives","url":"https:\/\/www.wineobjectives.com\/fr\/","logo":{"@type":"ImageObject","inLanguage":"fr-FR","@id":"https:\/\/www.wineobjectives.com\/fr\/#\/schema\/logo\/image\/","url":"https:\/\/www.wineobjectives.com\/wp-content\/uploads\/2022\/08\/cropped-cropped-gimmick_WO.png","contentUrl":"https:\/\/www.wineobjectives.com\/wp-content\/uploads\/2022\/08\/cropped-cropped-gimmick_WO.png","width":130,"height":99,"caption":"Wine Objectives"},"image":{"@id":"https:\/\/www.wineobjectives.com\/fr\/#\/schema\/logo\/image\/"}}]}},"_links":{"self":[{"href":"https:\/\/www.wineobjectives.com\/fr\/wp-json\/wp\/v2\/pages\/51","targetHints":{"allow":["GET"]}}],"collection":[{"href":"https:\/\/www.wineobjectives.com\/fr\/wp-json\/wp\/v2\/pages"}],"about":[{"href":"https:\/\/www.wineobjectives.com\/fr\/wp-json\/wp\/v2\/types\/page"}],"author":[{"embeddable":true,"href":"https:\/\/www.wineobjectives.com\/fr\/wp-json\/wp\/v2\/users\/1"}],"replies":[{"embeddable":true,"href":"https:\/\/www.wineobjectives.com\/fr\/wp-json\/wp\/v2\/comments?post=51"}],"version-history":[{"count":19,"href":"https:\/\/www.wineobjectives.com\/fr\/wp-json\/wp\/v2\/pages\/51\/revisions"}],"predecessor-version":[{"id":14943,"href":"https:\/\/www.wineobjectives.com\/fr\/wp-json\/wp\/v2\/pages\/51\/revisions\/14943"}],"wp:attachment":[{"href":"https:\/\/www.wineobjectives.com\/fr\/wp-json\/wp\/v2\/media?parent=51"}],"curies":[{"name":"wp","href":"https:\/\/api.w.org\/{rel}","templated":true}]}}