


{"id":53,"date":"2015-08-13T09:13:00","date_gmt":"2015-08-13T09:13:00","guid":{"rendered":"https:\/\/www.wineobjectives.com\/?page_id=53"},"modified":"2026-03-10T14:03:45","modified_gmt":"2026-03-10T14:03:45","slug":"wine-objectives","status":"publish","type":"page","link":"https:\/\/www.wineobjectives.com\/fr\/wine-objectives\/","title":{"rendered":"A propos de Wine Objectives"},"content":{"rendered":"\t\t<div data-elementor-type=\"wp-page\" data-elementor-id=\"53\" class=\"elementor elementor-53\" data-elementor-post-type=\"page\">\n\t\t\t\t\t\t<section class=\"elementor-section elementor-top-section elementor-element elementor-element-5f78fe8a elementor-section-full_width elementor-section-height-default elementor-section-height-default\" data-id=\"5f78fe8a\" data-element_type=\"section\" data-e-type=\"section\">\n\t\t\t\t\t\t<div class=\"elementor-container elementor-column-gap-default\">\n\t\t\t\t\t<div class=\"elementor-column elementor-col-100 elementor-top-column elementor-element elementor-element-30afb9c3\" data-id=\"30afb9c3\" data-element_type=\"column\" data-e-type=\"column\">\n\t\t\t<div class=\"elementor-widget-wrap elementor-element-populated\">\n\t\t\t\t\t\t<div class=\"elementor-element elementor-element-3fa258fd elementor-widget elementor-widget-image\" data-id=\"3fa258fd\" data-element_type=\"widget\" data-e-type=\"widget\" data-widget_type=\"image.default\">\n\t\t\t\t<div class=\"elementor-widget-container\">\n\t\t\t\t\t\t\t\t\t\t\t\t\t\t\t<img decoding=\"async\" src=\"https:\/\/www.wineobjectives.com\/wp-content\/uploads\/2022\/12\/paysage-vigne.jpg\" title=\"paysage-vigne\" alt=\"paysage-vigne\" loading=\"lazy\" \/>\t\t\t\t\t\t\t\t\t\t\t\t\t\t\t<\/div>\n\t\t\t\t<\/div>\n\t\t\t\t\t<\/div>\n\t\t<\/div>\n\t\t\t\t\t<\/div>\n\t\t<\/section>\n\t\t\t\t<section class=\"elementor-section elementor-top-section elementor-element elementor-element-4b172203 elementor-section-boxed elementor-section-height-default elementor-section-height-default\" data-id=\"4b172203\" data-element_type=\"section\" data-e-type=\"section\">\n\t\t\t\t\t\t<div class=\"elementor-container elementor-column-gap-default\">\n\t\t\t\t\t<div class=\"elementor-column elementor-col-100 elementor-top-column elementor-element elementor-element-7a1efe98\" data-id=\"7a1efe98\" data-element_type=\"column\" data-e-type=\"column\">\n\t\t\t<div class=\"elementor-widget-wrap elementor-element-populated\">\n\t\t\t\t\t\t<div class=\"elementor-element elementor-element-6efb683 elementor-widget elementor-widget-breadcrumbs\" data-id=\"6efb683\" data-element_type=\"widget\" data-e-type=\"widget\" data-widget_type=\"breadcrumbs.default\">\n\t\t\t\t<div class=\"elementor-widget-container\">\n\t\t\t\t\t<p id=\"breadcrumbs\"><span><span><a href=\"https:\/\/www.wineobjectives.com\/fr\/\">Accueil<\/a><\/span><\/span><\/p>\t\t\t\t<\/div>\n\t\t\t\t<\/div>\n\t\t\t\t\t<\/div>\n\t\t<\/div>\n\t\t\t\t\t<\/div>\n\t\t<\/section>\n\t\t\t\t<section class=\"elementor-section elementor-top-section elementor-element elementor-element-25358def elementor-section-boxed elementor-section-height-default elementor-section-height-default\" data-id=\"25358def\" data-element_type=\"section\" data-e-type=\"section\">\n\t\t\t\t\t\t<div class=\"elementor-container elementor-column-gap-default\">\n\t\t\t\t\t<div class=\"elementor-column elementor-col-50 elementor-top-column elementor-element elementor-element-5544bd8b\" data-id=\"5544bd8b\" data-element_type=\"column\" data-e-type=\"column\">\n\t\t\t<div class=\"elementor-widget-wrap elementor-element-populated\">\n\t\t\t\t\t\t<div class=\"elementor-element elementor-element-222dc1fc elementor-widget elementor-widget-heading\" data-id=\"222dc1fc\" data-element_type=\"widget\" data-e-type=\"widget\" data-widget_type=\"heading.default\">\n\t\t\t\t<div class=\"elementor-widget-container\">\n\t\t\t\t\t<h1 class=\"elementor-heading-title elementor-size-default\">Wine Objectives <\/h1>\t\t\t\t<\/div>\n\t\t\t\t<\/div>\n\t\t\t\t\t<\/div>\n\t\t<\/div>\n\t\t\t\t<div class=\"elementor-column elementor-col-50 elementor-top-column elementor-element elementor-element-d16eb5e\" data-id=\"d16eb5e\" data-element_type=\"column\" data-e-type=\"column\">\n\t\t\t<div class=\"elementor-widget-wrap elementor-element-populated\">\n\t\t\t\t\t\t<div class=\"elementor-element elementor-element-2949270d elementor-widget elementor-widget-text-editor\" data-id=\"2949270d\" data-element_type=\"widget\" data-e-type=\"widget\" data-widget_type=\"text-editor.default\">\n\t\t\t\t<div class=\"elementor-widget-container\">\n\t\t\t\t\t\t\t\t\tWINE Objectives est une soci\u00e9t\u00e9 dynamique dont la raison d\u2019\u00eatre est la <span style=\"text-decoration: underline;\"><span style=\"color: #6d7784; text-decoration: underline;\"><a style=\"color: #6d7784; text-decoration: underline;\" href=\"https:\/\/www.wineobjectives.com\/fr\/expertise\/transaction-domaines-viticoles\/\">transaction de propri\u00e9t\u00e9s viticoles<\/a> <\/span><\/span>et la <span style=\"text-decoration: underline;\"><span style=\"color: #6d7784;\"><a href=\"https:\/\/www.wineobjectives.com\/fr\/expertise\/evaluation-financiere\/\">cession d\u2019entreprises dans la fili\u00e8re des vins et spiritueux<\/a>.<\/span><\/span>\t\t\t\t\t\t\t\t<\/div>\n\t\t\t\t<\/div>\n\t\t\t\t\t<\/div>\n\t\t<\/div>\n\t\t\t\t\t<\/div>\n\t\t<\/section>\n\t\t\t\t<section class=\"elementor-section elementor-top-section elementor-element elementor-element-4962636c elementor-section-boxed elementor-section-height-default elementor-section-height-default\" data-id=\"4962636c\" data-element_type=\"section\" data-e-type=\"section\">\n\t\t\t\t\t\t<div class=\"elementor-container elementor-column-gap-default\">\n\t\t\t\t\t<div class=\"elementor-column elementor-col-50 elementor-top-column elementor-element elementor-element-11473213\" data-id=\"11473213\" data-element_type=\"column\" data-e-type=\"column\">\n\t\t\t<div class=\"elementor-widget-wrap elementor-element-populated\">\n\t\t\t\t\t\t<div class=\"elementor-element elementor-element-192987ac elementor-widget elementor-widget-image\" data-id=\"192987ac\" data-element_type=\"widget\" data-e-type=\"widget\" data-widget_type=\"image.default\">\n\t\t\t\t<div class=\"elementor-widget-container\">\n\t\t\t\t\t\t\t\t\t\t\t\t\t\t\t<img decoding=\"async\" src=\"https:\/\/www.wineobjectives.com\/wp-content\/uploads\/2022\/09\/Two-French-winegrowers-in-their-vines-at-sunset.jpg\" title=\"Two French winegrowers in their vines at sunset\" alt=\"fusion et acquisition viticoles\" loading=\"lazy\" \/>\t\t\t\t\t\t\t\t\t\t\t\t\t\t\t<\/div>\n\t\t\t\t<\/div>\n\t\t\t\t\t<\/div>\n\t\t<\/div>\n\t\t\t\t<div class=\"elementor-column elementor-col-50 elementor-top-column elementor-element elementor-element-39a26e2f\" data-id=\"39a26e2f\" data-element_type=\"column\" data-e-type=\"column\">\n\t\t\t<div class=\"elementor-widget-wrap elementor-element-populated\">\n\t\t\t\t\t\t<div class=\"elementor-element elementor-element-30a5bd7d elementor-widget elementor-widget-heading\" data-id=\"30a5bd7d\" data-element_type=\"widget\" data-e-type=\"widget\" data-widget_type=\"heading.default\">\n\t\t\t\t<div class=\"elementor-widget-container\">\n\t\t\t\t\t<h2 class=\"elementor-heading-title elementor-size-default\">Vente de vignobles et conseils d'experts<\/h2>\t\t\t\t<\/div>\n\t\t\t\t<\/div>\n\t\t\t\t<div class=\"elementor-element elementor-element-5367938f elementor-widget elementor-widget-text-editor\" data-id=\"5367938f\" data-element_type=\"widget\" data-e-type=\"widget\" data-widget_type=\"text-editor.default\">\n\t\t\t\t<div class=\"elementor-widget-container\">\n\t\t\t\t\t\t\t\t\t<p>Notre cabinet b\u00e9n\u00e9ficie du savoir-faire de<span style=\"text-decoration: underline; color: #6d7784;\"> <a style=\"color: #6d7784; text-decoration: underline;\" href=\"https:\/\/www.wineobjectives.com\/fr\/wine-objectives\/adam-dakin\/\">son g\u00e9rant<\/a><\/span> qui dispose de plus de 30 ans d\u2019exp\u00e9rience dans le secteur viti-vinicole dont plus de 25 ans dans la transaction de domaines viticoles sur le pourtour m\u00e9diterran\u00e9en.<\/p><p>Dans une activit\u00e9 qui n\u00e9cessite une discr\u00e9tion absolue, notre ambition est avant tout d\u2019\u00eatre \u00e0 l\u2019\u00e9coute de ses clients afin de pouvoir r\u00e9pondre au mieux \u00e0 leurs besoins.<\/p>\t\t\t\t\t\t\t\t<\/div>\n\t\t\t\t<\/div>\n\t\t\t\t\t<\/div>\n\t\t<\/div>\n\t\t\t\t\t<\/div>\n\t\t<\/section>\n\t\t\t\t<section class=\"elementor-section elementor-top-section elementor-element elementor-element-4b32e0b7 elementor-section-boxed elementor-section-height-default elementor-section-height-default\" data-id=\"4b32e0b7\" data-element_type=\"section\" data-e-type=\"section\">\n\t\t\t\t\t\t<div class=\"elementor-container elementor-column-gap-default\">\n\t\t\t\t\t<div class=\"elementor-column elementor-col-50 elementor-top-column elementor-element elementor-element-1e543a16\" data-id=\"1e543a16\" data-element_type=\"column\" data-e-type=\"column\">\n\t\t\t<div class=\"elementor-widget-wrap elementor-element-populated\">\n\t\t\t\t\t\t<div class=\"elementor-element elementor-element-66dcabea elementor-widget elementor-widget-heading\" data-id=\"66dcabea\" data-element_type=\"widget\" data-e-type=\"widget\" data-widget_type=\"heading.default\">\n\t\t\t\t<div class=\"elementor-widget-container\">\n\t\t\t\t\t<h2 class=\"elementor-heading-title elementor-size-default\">Les valeurs de Wine Objectives<\/h2>\t\t\t\t<\/div>\n\t\t\t\t<\/div>\n\t\t\t\t<div class=\"elementor-element elementor-element-6d590837 elementor-widget elementor-widget-text-editor\" data-id=\"6d590837\" data-element_type=\"widget\" data-e-type=\"widget\" data-widget_type=\"text-editor.default\">\n\t\t\t\t<div class=\"elementor-widget-container\">\n\t\t\t\t\t\t\t\t\t<p>Notre volont\u00e9 est d\u2019offrir un niveau de service in\u00e9gal\u00e9 dans l\u2019industrie dont l\u2019aboutissement est la pleine et enti\u00e8re satisfaction de ses clients.<\/p>\t\t\t\t\t\t\t\t<\/div>\n\t\t\t\t<\/div>\n\t\t\t\t\t<\/div>\n\t\t<\/div>\n\t\t\t\t<div class=\"elementor-column elementor-col-50 elementor-top-column elementor-element elementor-element-2d943e1a\" data-id=\"2d943e1a\" data-element_type=\"column\" data-e-type=\"column\">\n\t\t\t<div class=\"elementor-widget-wrap elementor-element-populated\">\n\t\t\t\t\t\t<div class=\"elementor-element elementor-element-352d374e elementor-widget elementor-widget-image\" data-id=\"352d374e\" data-element_type=\"widget\" data-e-type=\"widget\" data-widget_type=\"image.default\">\n\t\t\t\t<div class=\"elementor-widget-container\">\n\t\t\t\t\t\t\t\t\t\t\t\t\t\t\t<img decoding=\"async\" src=\"https:\/\/www.wineobjectives.com\/wp-content\/uploads\/2022\/09\/Wine-cellar-with-wine-bottles-.with-space-for-text.jpg\" title=\"Wine cellar with wine bottles .with space for text\" alt=\"transaction de domaines\" loading=\"lazy\" \/>\t\t\t\t\t\t\t\t\t\t\t\t\t\t\t<\/div>\n\t\t\t\t<\/div>\n\t\t\t\t\t<\/div>\n\t\t<\/div>\n\t\t\t\t\t<\/div>\n\t\t<\/section>\n\t\t\t\t<\/div>\n\t\t","protected":false},"excerpt":{"rendered":"<p>Wine Objectives WINE Objectives est une soci\u00e9t\u00e9 dynamique dont la raison d\u2019\u00eatre est la transaction de propri\u00e9t\u00e9s viticoles et la cession d\u2019entreprises dans la fili\u00e8re des vins et spiritueux. Vente de vignobles et conseils d&rsquo;experts Notre cabinet b\u00e9n\u00e9ficie du savoir-faire de son g\u00e9rant qui dispose de plus de 30 ans d\u2019exp\u00e9rience dans le secteur viti-vinicole [&hellip;]<\/p>\n","protected":false},"author":1,"featured_media":54,"parent":0,"menu_order":0,"comment_status":"closed","ping_status":"closed","template":"elementor_header_footer","meta":{"_acf_changed":false,"footnotes":""},"class_list":["post-53","page","type-page","status-publish","has-post-thumbnail","hentry"],"acf":[],"yoast_head":"<!-- This site is optimized with the Yoast SEO plugin v27.3 - https:\/\/yoast.com\/product\/yoast-seo-wordpress\/ -->\n<title>Qui sommes nous ?\u00a0 N\u00b01 de la vente de Vignobles | Wine Objectives<\/title>\n<meta name=\"description\" content=\"WINE Objectives est sp\u00e9cialis\u00e9 dans la vente de vignobles dans le sud de la France. D\u00e9couvrez les propri\u00e9t\u00e9s viticoles fran\u00e7aise avec WINE Objectives.\u00a0\" \/>\n<meta name=\"robots\" content=\"index, follow, max-snippet:-1, max-image-preview:large, max-video-preview:-1\" \/>\n<link rel=\"canonical\" href=\"https:\/\/www.wineobjectives.com\/fr\/wine-objectives\/\" \/>\n<meta name=\"twitter:card\" content=\"summary_large_image\" \/>\n<meta name=\"twitter:title\" content=\"Qui sommes nous ?\u00a0 N\u00b01 de la vente de Vignobles | Wine Objectives\" \/>\n<meta name=\"twitter:description\" content=\"WINE Objectives est sp\u00e9cialis\u00e9 dans la vente de vignobles dans le sud de la France. D\u00e9couvrez les propri\u00e9t\u00e9s viticoles fran\u00e7aise avec WINE Objectives.\u00a0\" \/>\n<meta name=\"twitter:image\" content=\"https:\/\/www.wineobjectives.com\/wp-content\/uploads\/2022\/04\/wine-objectives-tonneaux.webp\" \/>\n<meta name=\"twitter:label1\" content=\"Dur\u00e9e de lecture estim\u00e9e\" \/>\n\t<meta name=\"twitter:data1\" content=\"2 minutes\" \/>\n<script type=\"application\/ld+json\" class=\"yoast-schema-graph\">{\"@context\":\"https:\\\/\\\/schema.org\",\"@graph\":[{\"@type\":\"WebPage\",\"@id\":\"https:\\\/\\\/www.wineobjectives.com\\\/fr\\\/wine-objectives\\\/\",\"url\":\"https:\\\/\\\/www.wineobjectives.com\\\/fr\\\/wine-objectives\\\/\",\"name\":\"Qui sommes nous ?\u00a0 N\u00b01 de la vente de Vignobles | Wine Objectives\",\"isPartOf\":{\"@id\":\"https:\\\/\\\/www.wineobjectives.com\\\/fr\\\/#website\"},\"primaryImageOfPage\":{\"@id\":\"https:\\\/\\\/www.wineobjectives.com\\\/fr\\\/wine-objectives\\\/#primaryimage\"},\"image\":{\"@id\":\"https:\\\/\\\/www.wineobjectives.com\\\/fr\\\/wine-objectives\\\/#primaryimage\"},\"thumbnailUrl\":\"https:\\\/\\\/www.wineobjectives.com\\\/wp-content\\\/uploads\\\/2022\\\/04\\\/wine-objectives-tonneaux.webp\",\"datePublished\":\"2015-08-13T09:13:00+00:00\",\"dateModified\":\"2026-03-10T14:03:45+00:00\",\"description\":\"WINE Objectives est sp\u00e9cialis\u00e9 dans la vente de vignobles dans le sud de la France. D\u00e9couvrez les propri\u00e9t\u00e9s viticoles fran\u00e7aise avec WINE Objectives.\u00a0\",\"breadcrumb\":{\"@id\":\"https:\\\/\\\/www.wineobjectives.com\\\/fr\\\/wine-objectives\\\/#breadcrumb\"},\"inLanguage\":\"fr-FR\",\"potentialAction\":[{\"@type\":\"ReadAction\",\"target\":[\"https:\\\/\\\/www.wineobjectives.com\\\/fr\\\/wine-objectives\\\/\"]}]},{\"@type\":\"ImageObject\",\"inLanguage\":\"fr-FR\",\"@id\":\"https:\\\/\\\/www.wineobjectives.com\\\/fr\\\/wine-objectives\\\/#primaryimage\",\"url\":\"https:\\\/\\\/www.wineobjectives.com\\\/wp-content\\\/uploads\\\/2022\\\/04\\\/wine-objectives-tonneaux.webp\",\"contentUrl\":\"https:\\\/\\\/www.wineobjectives.com\\\/wp-content\\\/uploads\\\/2022\\\/04\\\/wine-objectives-tonneaux.webp\",\"width\":500,\"height\":375,\"caption\":\"\u00e0 propos wine objectives\"},{\"@type\":\"BreadcrumbList\",\"@id\":\"https:\\\/\\\/www.wineobjectives.com\\\/fr\\\/wine-objectives\\\/#breadcrumb\",\"itemListElement\":[{\"@type\":\"ListItem\",\"position\":1,\"name\":\"Accueil\",\"item\":\"https:\\\/\\\/www.wineobjectives.com\\\/fr\\\/\"},{\"@type\":\"ListItem\",\"position\":2,\"name\":\"A propos de Wine Objectives\"}]},{\"@type\":\"WebSite\",\"@id\":\"https:\\\/\\\/www.wineobjectives.com\\\/fr\\\/#website\",\"url\":\"https:\\\/\\\/www.wineobjectives.com\\\/fr\\\/\",\"name\":\"Wine Objectives\",\"description\":\"Wine Objectives\",\"publisher\":{\"@id\":\"https:\\\/\\\/www.wineobjectives.com\\\/fr\\\/#organization\"},\"potentialAction\":[{\"@type\":\"SearchAction\",\"target\":{\"@type\":\"EntryPoint\",\"urlTemplate\":\"https:\\\/\\\/www.wineobjectives.com\\\/fr\\\/?s={search_term_string}\"},\"query-input\":{\"@type\":\"PropertyValueSpecification\",\"valueRequired\":true,\"valueName\":\"search_term_string\"}}],\"inLanguage\":\"fr-FR\"},{\"@type\":\"Organization\",\"@id\":\"https:\\\/\\\/www.wineobjectives.com\\\/fr\\\/#organization\",\"name\":\"Wine Objectives\",\"url\":\"https:\\\/\\\/www.wineobjectives.com\\\/fr\\\/\",\"logo\":{\"@type\":\"ImageObject\",\"inLanguage\":\"fr-FR\",\"@id\":\"https:\\\/\\\/www.wineobjectives.com\\\/fr\\\/#\\\/schema\\\/logo\\\/image\\\/\",\"url\":\"https:\\\/\\\/www.wineobjectives.com\\\/wp-content\\\/uploads\\\/2022\\\/08\\\/cropped-cropped-gimmick_WO.png\",\"contentUrl\":\"https:\\\/\\\/www.wineobjectives.com\\\/wp-content\\\/uploads\\\/2022\\\/08\\\/cropped-cropped-gimmick_WO.png\",\"width\":130,\"height\":99,\"caption\":\"Wine Objectives\"},\"image\":{\"@id\":\"https:\\\/\\\/www.wineobjectives.com\\\/fr\\\/#\\\/schema\\\/logo\\\/image\\\/\"}}]}<\/script>\n<!-- \/ Yoast SEO plugin. -->","yoast_head_json":{"title":"Qui sommes nous ?\u00a0 N\u00b01 de la vente de Vignobles | Wine Objectives","description":"WINE Objectives est sp\u00e9cialis\u00e9 dans la vente de vignobles dans le sud de la France. D\u00e9couvrez les propri\u00e9t\u00e9s viticoles fran\u00e7aise avec WINE Objectives.\u00a0","robots":{"index":"index","follow":"follow","max-snippet":"max-snippet:-1","max-image-preview":"max-image-preview:large","max-video-preview":"max-video-preview:-1"},"canonical":"https:\/\/www.wineobjectives.com\/fr\/wine-objectives\/","twitter_card":"summary_large_image","twitter_title":"Qui sommes nous ?\u00a0 N\u00b01 de la vente de Vignobles | Wine Objectives","twitter_description":"WINE Objectives est sp\u00e9cialis\u00e9 dans la vente de vignobles dans le sud de la France. D\u00e9couvrez les propri\u00e9t\u00e9s viticoles fran\u00e7aise avec WINE Objectives.\u00a0","twitter_image":"https:\/\/www.wineobjectives.com\/wp-content\/uploads\/2022\/04\/wine-objectives-tonneaux.webp","twitter_misc":{"Dur\u00e9e de lecture estim\u00e9e":"2 minutes"},"schema":{"@context":"https:\/\/schema.org","@graph":[{"@type":"WebPage","@id":"https:\/\/www.wineobjectives.com\/fr\/wine-objectives\/","url":"https:\/\/www.wineobjectives.com\/fr\/wine-objectives\/","name":"Qui sommes nous ?\u00a0 N\u00b01 de la vente de Vignobles | Wine Objectives","isPartOf":{"@id":"https:\/\/www.wineobjectives.com\/fr\/#website"},"primaryImageOfPage":{"@id":"https:\/\/www.wineobjectives.com\/fr\/wine-objectives\/#primaryimage"},"image":{"@id":"https:\/\/www.wineobjectives.com\/fr\/wine-objectives\/#primaryimage"},"thumbnailUrl":"https:\/\/www.wineobjectives.com\/wp-content\/uploads\/2022\/04\/wine-objectives-tonneaux.webp","datePublished":"2015-08-13T09:13:00+00:00","dateModified":"2026-03-10T14:03:45+00:00","description":"WINE Objectives est sp\u00e9cialis\u00e9 dans la vente de vignobles dans le sud de la France. D\u00e9couvrez les propri\u00e9t\u00e9s viticoles fran\u00e7aise avec WINE Objectives.\u00a0","breadcrumb":{"@id":"https:\/\/www.wineobjectives.com\/fr\/wine-objectives\/#breadcrumb"},"inLanguage":"fr-FR","potentialAction":[{"@type":"ReadAction","target":["https:\/\/www.wineobjectives.com\/fr\/wine-objectives\/"]}]},{"@type":"ImageObject","inLanguage":"fr-FR","@id":"https:\/\/www.wineobjectives.com\/fr\/wine-objectives\/#primaryimage","url":"https:\/\/www.wineobjectives.com\/wp-content\/uploads\/2022\/04\/wine-objectives-tonneaux.webp","contentUrl":"https:\/\/www.wineobjectives.com\/wp-content\/uploads\/2022\/04\/wine-objectives-tonneaux.webp","width":500,"height":375,"caption":"\u00e0 propos wine objectives"},{"@type":"BreadcrumbList","@id":"https:\/\/www.wineobjectives.com\/fr\/wine-objectives\/#breadcrumb","itemListElement":[{"@type":"ListItem","position":1,"name":"Accueil","item":"https:\/\/www.wineobjectives.com\/fr\/"},{"@type":"ListItem","position":2,"name":"A propos de Wine Objectives"}]},{"@type":"WebSite","@id":"https:\/\/www.wineobjectives.com\/fr\/#website","url":"https:\/\/www.wineobjectives.com\/fr\/","name":"Wine Objectives","description":"Wine Objectives","publisher":{"@id":"https:\/\/www.wineobjectives.com\/fr\/#organization"},"potentialAction":[{"@type":"SearchAction","target":{"@type":"EntryPoint","urlTemplate":"https:\/\/www.wineobjectives.com\/fr\/?s={search_term_string}"},"query-input":{"@type":"PropertyValueSpecification","valueRequired":true,"valueName":"search_term_string"}}],"inLanguage":"fr-FR"},{"@type":"Organization","@id":"https:\/\/www.wineobjectives.com\/fr\/#organization","name":"Wine Objectives","url":"https:\/\/www.wineobjectives.com\/fr\/","logo":{"@type":"ImageObject","inLanguage":"fr-FR","@id":"https:\/\/www.wineobjectives.com\/fr\/#\/schema\/logo\/image\/","url":"https:\/\/www.wineobjectives.com\/wp-content\/uploads\/2022\/08\/cropped-cropped-gimmick_WO.png","contentUrl":"https:\/\/www.wineobjectives.com\/wp-content\/uploads\/2022\/08\/cropped-cropped-gimmick_WO.png","width":130,"height":99,"caption":"Wine Objectives"},"image":{"@id":"https:\/\/www.wineobjectives.com\/fr\/#\/schema\/logo\/image\/"}}]}},"_links":{"self":[{"href":"https:\/\/www.wineobjectives.com\/fr\/wp-json\/wp\/v2\/pages\/53","targetHints":{"allow":["GET"]}}],"collection":[{"href":"https:\/\/www.wineobjectives.com\/fr\/wp-json\/wp\/v2\/pages"}],"about":[{"href":"https:\/\/www.wineobjectives.com\/fr\/wp-json\/wp\/v2\/types\/page"}],"author":[{"embeddable":true,"href":"https:\/\/www.wineobjectives.com\/fr\/wp-json\/wp\/v2\/users\/1"}],"replies":[{"embeddable":true,"href":"https:\/\/www.wineobjectives.com\/fr\/wp-json\/wp\/v2\/comments?post=53"}],"version-history":[{"count":22,"href":"https:\/\/www.wineobjectives.com\/fr\/wp-json\/wp\/v2\/pages\/53\/revisions"}],"predecessor-version":[{"id":17983,"href":"https:\/\/www.wineobjectives.com\/fr\/wp-json\/wp\/v2\/pages\/53\/revisions\/17983"}],"wp:featuredmedia":[{"embeddable":true,"href":"https:\/\/www.wineobjectives.com\/fr\/wp-json\/wp\/v2\/media\/54"}],"wp:attachment":[{"href":"https:\/\/www.wineobjectives.com\/fr\/wp-json\/wp\/v2\/media?parent=53"}],"curies":[{"name":"wp","href":"https:\/\/api.w.org\/{rel}","templated":true}]}}