


{"id":70,"date":"2015-08-13T09:27:00","date_gmt":"2015-08-13T09:27:00","guid":{"rendered":"https:\/\/www.wineobjectives.com\/?page_id=70"},"modified":"2025-06-13T10:47:11","modified_gmt":"2025-06-13T10:47:11","slug":"adam-dakin","status":"publish","type":"page","link":"https:\/\/www.wineobjectives.com\/fr\/wine-objectives\/adam-dakin\/","title":{"rendered":"Adam Dakin"},"content":{"rendered":"\t\t<div data-elementor-type=\"wp-page\" data-elementor-id=\"70\" class=\"elementor elementor-70\" data-elementor-post-type=\"page\">\n\t\t\t\t\t\t<section class=\"elementor-section elementor-top-section elementor-element elementor-element-3ec4a54 elementor-section-full_width elementor-section-height-default elementor-section-height-default\" data-id=\"3ec4a54\" data-element_type=\"section\" data-e-type=\"section\">\n\t\t\t\t\t\t<div class=\"elementor-container elementor-column-gap-default\">\n\t\t\t\t\t<div class=\"elementor-column elementor-col-100 elementor-top-column elementor-element elementor-element-2b6cc83\" data-id=\"2b6cc83\" data-element_type=\"column\" data-e-type=\"column\">\n\t\t\t<div class=\"elementor-widget-wrap elementor-element-populated\">\n\t\t\t\t\t\t<div class=\"elementor-element elementor-element-4ed166e7 elementor-widget elementor-widget-image\" data-id=\"4ed166e7\" data-element_type=\"widget\" data-e-type=\"widget\" data-widget_type=\"image.default\">\n\t\t\t\t<div class=\"elementor-widget-container\">\n\t\t\t\t\t\t\t\t\t\t\t\t\t\t\t<img fetchpriority=\"high\" decoding=\"async\" width=\"1920\" height=\"322\" src=\"https:\/\/www.wineobjectives.com\/wp-content\/uploads\/2025\/04\/paysage-vigne.webp\" class=\"attachment-full size-full wp-image-14489\" alt=\"paysage vigne\" srcset=\"https:\/\/www.wineobjectives.com\/wp-content\/uploads\/2025\/04\/paysage-vigne.webp 1920w, https:\/\/www.wineobjectives.com\/wp-content\/uploads\/2025\/04\/paysage-vigne-300x50.webp 300w, https:\/\/www.wineobjectives.com\/wp-content\/uploads\/2025\/04\/paysage-vigne-1024x172.webp 1024w, https:\/\/www.wineobjectives.com\/wp-content\/uploads\/2025\/04\/paysage-vigne-768x129.webp 768w, https:\/\/www.wineobjectives.com\/wp-content\/uploads\/2025\/04\/paysage-vigne-1536x258.webp 1536w\" sizes=\"(max-width: 1920px) 100vw, 1920px\" \/>\t\t\t\t\t\t\t\t\t\t\t\t\t\t\t<\/div>\n\t\t\t\t<\/div>\n\t\t\t\t\t<\/div>\n\t\t<\/div>\n\t\t\t\t\t<\/div>\n\t\t<\/section>\n\t\t\t\t<section class=\"elementor-section elementor-top-section elementor-element elementor-element-11c64580 elementor-section-boxed elementor-section-height-default elementor-section-height-default\" data-id=\"11c64580\" data-element_type=\"section\" data-e-type=\"section\">\n\t\t\t\t\t\t<div class=\"elementor-container elementor-column-gap-default\">\n\t\t\t\t\t<div class=\"elementor-column elementor-col-100 elementor-top-column elementor-element elementor-element-47d24c27\" data-id=\"47d24c27\" data-element_type=\"column\" data-e-type=\"column\">\n\t\t\t<div class=\"elementor-widget-wrap elementor-element-populated\">\n\t\t\t\t\t\t<div class=\"elementor-element elementor-element-1eb70bf7 elementor-widget elementor-widget-breadcrumbs\" data-id=\"1eb70bf7\" data-element_type=\"widget\" data-e-type=\"widget\" data-widget_type=\"breadcrumbs.default\">\n\t\t\t\t<div class=\"elementor-widget-container\">\n\t\t\t\t\t<p id=\"breadcrumbs\"><span><span><a href=\"https:\/\/www.wineobjectives.com\/fr\/\">Accueil<\/a><\/span><\/span><\/p>\t\t\t\t<\/div>\n\t\t\t\t<\/div>\n\t\t\t\t\t<\/div>\n\t\t<\/div>\n\t\t\t\t\t<\/div>\n\t\t<\/section>\n\t\t\t\t<section class=\"elementor-section elementor-top-section elementor-element elementor-element-9f20eef elementor-section-boxed elementor-section-height-default elementor-section-height-default\" data-id=\"9f20eef\" data-element_type=\"section\" data-e-type=\"section\">\n\t\t\t\t\t\t<div class=\"elementor-container elementor-column-gap-default\">\n\t\t\t\t\t<div class=\"elementor-column elementor-col-100 elementor-top-column elementor-element elementor-element-fbb0d04\" data-id=\"fbb0d04\" data-element_type=\"column\" data-e-type=\"column\">\n\t\t\t<div class=\"elementor-widget-wrap elementor-element-populated\">\n\t\t\t\t\t\t<div class=\"elementor-element elementor-element-b047039 elementor-widget elementor-widget-heading\" data-id=\"b047039\" data-element_type=\"widget\" data-e-type=\"widget\" data-widget_type=\"heading.default\">\n\t\t\t\t<div class=\"elementor-widget-container\">\n\t\t\t\t\t<h1 class=\"elementor-heading-title elementor-size-default\">Adam Dakin : expert en domaines viticoles<\/h1>\t\t\t\t<\/div>\n\t\t\t\t<\/div>\n\t\t\t\t\t<\/div>\n\t\t<\/div>\n\t\t\t\t\t<\/div>\n\t\t<\/section>\n\t\t\t\t<section class=\"elementor-section elementor-top-section elementor-element elementor-element-3b48e030 elementor-section-boxed elementor-section-height-default elementor-section-height-default\" data-id=\"3b48e030\" data-element_type=\"section\" data-e-type=\"section\">\n\t\t\t\t\t\t<div class=\"elementor-container elementor-column-gap-default\">\n\t\t\t\t\t<div class=\"elementor-column elementor-col-100 elementor-top-column elementor-element elementor-element-9cbbed0\" data-id=\"9cbbed0\" data-element_type=\"column\" data-e-type=\"column\">\n\t\t\t<div class=\"elementor-widget-wrap elementor-element-populated\">\n\t\t\t\t\t\t<div class=\"elementor-element elementor-element-43a8c451 elementor-widget elementor-widget-text-editor\" data-id=\"43a8c451\" data-element_type=\"widget\" data-e-type=\"widget\" data-widget_type=\"text-editor.default\">\n\t\t\t\t<div class=\"elementor-widget-container\">\n\t\t\t\t\t\t\t\t\t<p>Adam Dakin a fond\u00e9 Wine Objectives en 2014 apr\u00e8s avoir acquis une exp\u00e9rience solide dans la fili\u00e8re-vin, c\u00f4t\u00e9 production et c\u00f4t\u00e9 distribution. Ayant boucl\u00e9 plusieurs transactions, il a souhait\u00e9 d\u00e9cliner sa propre vision de l\u2019accompagnement des vignerons et des investisseurs en mati\u00e8re de transactions viticoles : en mettant l\u2019\u00e9thique et la confiance au c\u0153ur des \u00e9changes. Le cabinet Wine Objectives est tr\u00e8s empreint de l\u2019esprit d\u2019entrepreneur ind\u00e9pendant de son fondateur.<\/p>\t\t\t\t\t\t\t\t<\/div>\n\t\t\t\t<\/div>\n\t\t\t\t\t<\/div>\n\t\t<\/div>\n\t\t\t\t\t<\/div>\n\t\t<\/section>\n\t\t\t\t<section class=\"elementor-section elementor-top-section elementor-element elementor-element-524f9bac elementor-section-boxed elementor-section-height-default elementor-section-height-default\" data-id=\"524f9bac\" data-element_type=\"section\" data-e-type=\"section\">\n\t\t\t\t\t\t<div class=\"elementor-container elementor-column-gap-default\">\n\t\t\t\t\t<div class=\"elementor-column elementor-col-50 elementor-top-column elementor-element elementor-element-7db2cfee\" data-id=\"7db2cfee\" data-element_type=\"column\" data-e-type=\"column\">\n\t\t\t<div class=\"elementor-widget-wrap elementor-element-populated\">\n\t\t\t\t\t\t<div class=\"elementor-element elementor-element-75c42ca1 elementor-widget elementor-widget-image\" data-id=\"75c42ca1\" data-element_type=\"widget\" data-e-type=\"widget\" data-widget_type=\"image.default\">\n\t\t\t\t<div class=\"elementor-widget-container\">\n\t\t\t\t\t\t\t\t\t\t\t\t\t\t\t<img decoding=\"async\" width=\"1385\" height=\"923\" src=\"https:\/\/www.wineobjectives.com\/wp-content\/uploads\/2022\/11\/adam-dakin.jpg\" class=\"attachment-full size-full wp-image-6767\" alt=\"Adam Dakin\" srcset=\"https:\/\/www.wineobjectives.com\/wp-content\/uploads\/2022\/11\/adam-dakin.jpg 1385w, https:\/\/www.wineobjectives.com\/wp-content\/uploads\/2022\/11\/adam-dakin-300x200.jpg 300w, https:\/\/www.wineobjectives.com\/wp-content\/uploads\/2022\/11\/adam-dakin-1024x682.jpg 1024w, https:\/\/www.wineobjectives.com\/wp-content\/uploads\/2022\/11\/adam-dakin-768x512.jpg 768w\" sizes=\"(max-width: 1385px) 100vw, 1385px\" \/>\t\t\t\t\t\t\t\t\t\t\t\t\t\t\t<\/div>\n\t\t\t\t<\/div>\n\t\t\t\t\t<\/div>\n\t\t<\/div>\n\t\t\t\t<div class=\"elementor-column elementor-col-50 elementor-top-column elementor-element elementor-element-e3e11e3\" data-id=\"e3e11e3\" data-element_type=\"column\" data-e-type=\"column\">\n\t\t\t<div class=\"elementor-widget-wrap elementor-element-populated\">\n\t\t\t\t\t\t<div class=\"elementor-element elementor-element-8708456 elementor-widget elementor-widget-heading\" data-id=\"8708456\" data-element_type=\"widget\" data-e-type=\"widget\" data-widget_type=\"heading.default\">\n\t\t\t\t<div class=\"elementor-widget-container\">\n\t\t\t\t\t<h2 class=\"elementor-heading-title elementor-size-default\">Une passion pour les domaines viticoles<\/h2>\t\t\t\t<\/div>\n\t\t\t\t<\/div>\n\t\t\t\t<div class=\"elementor-element elementor-element-23826c8 elementor-widget elementor-widget-text-editor\" data-id=\"23826c8\" data-element_type=\"widget\" data-e-type=\"widget\" data-widget_type=\"text-editor.default\">\n\t\t\t\t<div class=\"elementor-widget-container\">\n\t\t\t\t\t\t\t\t\t<p>Sa volont\u00e9 de proposer un panel de services plus \u00e9largi \u00e0 ses clients et son d\u00e9sir de garantir un niveau de comp\u00e9tence \u00e0 la hauteur des attentes d\u2019une client\u00e8le avertie, professionnelle et internationale sont \u00e0 l\u2019origine de la soci\u00e9t\u00e9 WINE Objectives.&nbsp;<\/p>\t\t\t\t\t\t\t\t<\/div>\n\t\t\t\t<\/div>\n\t\t\t\t\t<\/div>\n\t\t<\/div>\n\t\t\t\t\t<\/div>\n\t\t<\/section>\n\t\t\t\t<section class=\"elementor-section elementor-top-section elementor-element elementor-element-7fe33a11 elementor-section-boxed elementor-section-height-default elementor-section-height-default\" data-id=\"7fe33a11\" data-element_type=\"section\" data-e-type=\"section\">\n\t\t\t\t\t\t<div class=\"elementor-container elementor-column-gap-default\">\n\t\t\t\t\t<div class=\"elementor-column elementor-col-50 elementor-top-column elementor-element elementor-element-36a39049\" data-id=\"36a39049\" data-element_type=\"column\" data-e-type=\"column\">\n\t\t\t<div class=\"elementor-widget-wrap elementor-element-populated\">\n\t\t\t\t\t\t<div class=\"elementor-element elementor-element-11be28dc elementor-widget elementor-widget-heading\" data-id=\"11be28dc\" data-element_type=\"widget\" data-e-type=\"widget\" data-widget_type=\"heading.default\">\n\t\t\t\t<div class=\"elementor-widget-container\">\n\t\t\t\t\t<h2 class=\"elementor-heading-title elementor-size-default\">Adam, un Expert des domaines viticoles<\/h2>\t\t\t\t<\/div>\n\t\t\t\t<\/div>\n\t\t\t\t<div class=\"elementor-element elementor-element-238492e2 elementor-widget elementor-widget-text-editor\" data-id=\"238492e2\" data-element_type=\"widget\" data-e-type=\"widget\" data-widget_type=\"text-editor.default\">\n\t\t\t\t<div class=\"elementor-widget-container\">\n\t\t\t\t\t\t\t\t\t<p>Adam est dipl\u00f4m\u00e9 d\u2019une ma\u00eetrise en business et langues de l\u2019Universit\u00e9 de Strathclyde \u00e0 Glasgow, ayant effectu\u00e9 sa troisi\u00e8me ann\u00e9e \u00e0 l\u2019ESCI de Fontainebleau. Adam est parfaitement bilingue fran\u00e7ais-anglais.<\/p><p>Gr\u00e2ce \u00e0 son relationnel b\u00e2ti depuis 25 ans sur le pourtour m\u00e9diterran\u00e9en et son r\u00e9seau de partenaires, WINE Objectives vous accompagne dans l\u2019ensemble des d\u00e9marches inh\u00e9rentes \u00e0 l\u2019acquisition ou \u00e0 la <a href=\"\/fr\/expertise\/evaluation-financiere\/\"><span style=\"text-decoration: underline;\"><span style=\"color: #6d7784; text-decoration: underline;\">cession d\u2019entreprises et de Domaines<\/span><\/span><\/a> du secteur viti \/ vinicole :<\/p><ul><li>Audit d\u2019acquisition.<\/li><li>\u00c9valuation de propri\u00e9t\u00e9s viticoles et d\u2019entreprises du secteur (n\u00e9goce, soci\u00e9t\u00e9s d\u2019embouteillages\u2026).<\/li><li>Pr\u00e9paration \u00e0 la transmission d\u2019entreprise.<\/li><li>Recherche de financement \/ lev\u00e9e de fonds.<\/li><li>\u00c9tablissement de dossiers pr\u00e9visionnels.<\/li><li>\u00c9tudes juridiques et fiscales.<\/li><\/ul>\t\t\t\t\t\t\t\t<\/div>\n\t\t\t\t<\/div>\n\t\t\t\t\t<\/div>\n\t\t<\/div>\n\t\t\t\t<div class=\"elementor-column elementor-col-50 elementor-top-column elementor-element elementor-element-20f3ea38\" data-id=\"20f3ea38\" data-element_type=\"column\" data-e-type=\"column\">\n\t\t\t<div class=\"elementor-widget-wrap elementor-element-populated\">\n\t\t\t\t\t\t<div class=\"elementor-element elementor-element-9a267da elementor-widget elementor-widget-image\" data-id=\"9a267da\" data-element_type=\"widget\" data-e-type=\"widget\" data-widget_type=\"image.default\">\n\t\t\t\t<div class=\"elementor-widget-container\">\n\t\t\t\t\t\t\t\t\t\t\t\t\t\t\t<img decoding=\"async\" width=\"734\" height=\"418\" src=\"https:\/\/www.wineobjectives.com\/wp-content\/uploads\/2022\/09\/Wine-cellar-with-wine-bottles-.with-space-for-text.jpg\" class=\"attachment-full size-full wp-image-5047\" alt=\"transaction de domaines\" srcset=\"https:\/\/www.wineobjectives.com\/wp-content\/uploads\/2022\/09\/Wine-cellar-with-wine-bottles-.with-space-for-text.jpg 734w, https:\/\/www.wineobjectives.com\/wp-content\/uploads\/2022\/09\/Wine-cellar-with-wine-bottles-.with-space-for-text-300x171.jpg 300w\" sizes=\"(max-width: 734px) 100vw, 734px\" \/>\t\t\t\t\t\t\t\t\t\t\t\t\t\t\t<\/div>\n\t\t\t\t<\/div>\n\t\t\t\t\t<\/div>\n\t\t<\/div>\n\t\t\t\t\t<\/div>\n\t\t<\/section>\n\t\t\t\t<\/div>\n\t\t","protected":false},"excerpt":{"rendered":"<p>Adam Dakin : expert en domaines viticoles Adam Dakin a fond\u00e9 Wine Objectives en 2014 apr\u00e8s avoir acquis une exp\u00e9rience solide dans la fili\u00e8re-vin, c\u00f4t\u00e9 production et c\u00f4t\u00e9 distribution. Ayant boucl\u00e9 plusieurs transactions, il a souhait\u00e9 d\u00e9cliner sa propre vision de l\u2019accompagnement des vignerons et des investisseurs en mati\u00e8re de transactions viticoles : en mettant [&hellip;]<\/p>\n","protected":false},"author":1,"featured_media":71,"parent":53,"menu_order":1,"comment_status":"closed","ping_status":"closed","template":"elementor_header_footer","meta":{"_acf_changed":false,"footnotes":""},"class_list":["post-70","page","type-page","status-publish","has-post-thumbnail","hentry"],"acf":[],"yoast_head":"<!-- This site is optimized with the Yoast SEO plugin v27.3 - https:\/\/yoast.com\/product\/yoast-seo-wordpress\/ -->\n<title>Expert Domaine viticole : Adam dakin - Wine Objectives<\/title>\n<meta name=\"description\" content=\"Adam Dakin, expert en domaine viticole, accompagne depuis 2014 l\u2019acquisition, la cession et la transmission de propri\u00e9t\u00e9s viticoles.\" \/>\n<meta name=\"robots\" content=\"index, follow, max-snippet:-1, max-image-preview:large, max-video-preview:-1\" \/>\n<link rel=\"canonical\" href=\"https:\/\/www.wineobjectives.com\/fr\/wine-objectives\/adam-dakin\/\" \/>\n<meta name=\"twitter:card\" content=\"summary_large_image\" \/>\n<meta name=\"twitter:title\" content=\"Expert Domaine viticole : Adam dakin - Wine Objectives\" \/>\n<meta name=\"twitter:description\" content=\"Adam Dakin, expert en domaine viticole, accompagne depuis 2014 l\u2019acquisition, la cession et la transmission de propri\u00e9t\u00e9s viticoles.\" \/>\n<meta name=\"twitter:image\" content=\"https:\/\/www.wineobjectives.com\/wp-content\/uploads\/2022\/04\/wine-objectives-adam-dakin.webp\" \/>\n<meta name=\"twitter:label1\" content=\"Dur\u00e9e de lecture estim\u00e9e\" \/>\n\t<meta name=\"twitter:data1\" content=\"2 minutes\" \/>\n<script type=\"application\/ld+json\" class=\"yoast-schema-graph\">{\"@context\":\"https:\\\/\\\/schema.org\",\"@graph\":[{\"@type\":\"WebPage\",\"@id\":\"https:\\\/\\\/www.wineobjectives.com\\\/fr\\\/wine-objectives\\\/adam-dakin\\\/\",\"url\":\"https:\\\/\\\/www.wineobjectives.com\\\/fr\\\/wine-objectives\\\/adam-dakin\\\/\",\"name\":\"Expert Domaine viticole : Adam dakin - Wine Objectives\",\"isPartOf\":{\"@id\":\"https:\\\/\\\/www.wineobjectives.com\\\/fr\\\/#website\"},\"primaryImageOfPage\":{\"@id\":\"https:\\\/\\\/www.wineobjectives.com\\\/fr\\\/wine-objectives\\\/adam-dakin\\\/#primaryimage\"},\"image\":{\"@id\":\"https:\\\/\\\/www.wineobjectives.com\\\/fr\\\/wine-objectives\\\/adam-dakin\\\/#primaryimage\"},\"thumbnailUrl\":\"https:\\\/\\\/www.wineobjectives.com\\\/wp-content\\\/uploads\\\/2022\\\/04\\\/wine-objectives-adam-dakin.webp\",\"datePublished\":\"2015-08-13T09:27:00+00:00\",\"dateModified\":\"2025-06-13T10:47:11+00:00\",\"description\":\"Adam Dakin, expert en domaine viticole, accompagne depuis 2014 l\u2019acquisition, la cession et la transmission de propri\u00e9t\u00e9s viticoles.\",\"breadcrumb\":{\"@id\":\"https:\\\/\\\/www.wineobjectives.com\\\/fr\\\/wine-objectives\\\/adam-dakin\\\/#breadcrumb\"},\"inLanguage\":\"fr-FR\",\"potentialAction\":[{\"@type\":\"ReadAction\",\"target\":[\"https:\\\/\\\/www.wineobjectives.com\\\/fr\\\/wine-objectives\\\/adam-dakin\\\/\"]}]},{\"@type\":\"ImageObject\",\"inLanguage\":\"fr-FR\",\"@id\":\"https:\\\/\\\/www.wineobjectives.com\\\/fr\\\/wine-objectives\\\/adam-dakin\\\/#primaryimage\",\"url\":\"https:\\\/\\\/www.wineobjectives.com\\\/wp-content\\\/uploads\\\/2022\\\/04\\\/wine-objectives-adam-dakin.webp\",\"contentUrl\":\"https:\\\/\\\/www.wineobjectives.com\\\/wp-content\\\/uploads\\\/2022\\\/04\\\/wine-objectives-adam-dakin.webp\",\"width\":505,\"height\":379,\"caption\":\"Adam Dakin, expert domaine viticole\"},{\"@type\":\"BreadcrumbList\",\"@id\":\"https:\\\/\\\/www.wineobjectives.com\\\/fr\\\/wine-objectives\\\/adam-dakin\\\/#breadcrumb\",\"itemListElement\":[{\"@type\":\"ListItem\",\"position\":1,\"name\":\"Accueil\",\"item\":\"https:\\\/\\\/www.wineobjectives.com\\\/fr\\\/\"},{\"@type\":\"ListItem\",\"position\":2,\"name\":\"A propos de Wine Objectives\",\"item\":\"https:\\\/\\\/www.wineobjectives.com\\\/fr\\\/wine-objectives\\\/\"},{\"@type\":\"ListItem\",\"position\":3,\"name\":\"Adam Dakin\"}]},{\"@type\":\"WebSite\",\"@id\":\"https:\\\/\\\/www.wineobjectives.com\\\/fr\\\/#website\",\"url\":\"https:\\\/\\\/www.wineobjectives.com\\\/fr\\\/\",\"name\":\"Wine Objectives\",\"description\":\"Wine Objectives\",\"publisher\":{\"@id\":\"https:\\\/\\\/www.wineobjectives.com\\\/fr\\\/#organization\"},\"potentialAction\":[{\"@type\":\"SearchAction\",\"target\":{\"@type\":\"EntryPoint\",\"urlTemplate\":\"https:\\\/\\\/www.wineobjectives.com\\\/fr\\\/?s={search_term_string}\"},\"query-input\":{\"@type\":\"PropertyValueSpecification\",\"valueRequired\":true,\"valueName\":\"search_term_string\"}}],\"inLanguage\":\"fr-FR\"},{\"@type\":\"Organization\",\"@id\":\"https:\\\/\\\/www.wineobjectives.com\\\/fr\\\/#organization\",\"name\":\"Wine Objectives\",\"url\":\"https:\\\/\\\/www.wineobjectives.com\\\/fr\\\/\",\"logo\":{\"@type\":\"ImageObject\",\"inLanguage\":\"fr-FR\",\"@id\":\"https:\\\/\\\/www.wineobjectives.com\\\/fr\\\/#\\\/schema\\\/logo\\\/image\\\/\",\"url\":\"https:\\\/\\\/www.wineobjectives.com\\\/wp-content\\\/uploads\\\/2022\\\/08\\\/cropped-cropped-gimmick_WO.png\",\"contentUrl\":\"https:\\\/\\\/www.wineobjectives.com\\\/wp-content\\\/uploads\\\/2022\\\/08\\\/cropped-cropped-gimmick_WO.png\",\"width\":130,\"height\":99,\"caption\":\"Wine Objectives\"},\"image\":{\"@id\":\"https:\\\/\\\/www.wineobjectives.com\\\/fr\\\/#\\\/schema\\\/logo\\\/image\\\/\"}}]}<\/script>\n<!-- \/ Yoast SEO plugin. -->","yoast_head_json":{"title":"Expert Domaine viticole : Adam dakin - Wine Objectives","description":"Adam Dakin, expert en domaine viticole, accompagne depuis 2014 l\u2019acquisition, la cession et la transmission de propri\u00e9t\u00e9s viticoles.","robots":{"index":"index","follow":"follow","max-snippet":"max-snippet:-1","max-image-preview":"max-image-preview:large","max-video-preview":"max-video-preview:-1"},"canonical":"https:\/\/www.wineobjectives.com\/fr\/wine-objectives\/adam-dakin\/","twitter_card":"summary_large_image","twitter_title":"Expert Domaine viticole : Adam dakin - Wine Objectives","twitter_description":"Adam Dakin, expert en domaine viticole, accompagne depuis 2014 l\u2019acquisition, la cession et la transmission de propri\u00e9t\u00e9s viticoles.","twitter_image":"https:\/\/www.wineobjectives.com\/wp-content\/uploads\/2022\/04\/wine-objectives-adam-dakin.webp","twitter_misc":{"Dur\u00e9e de lecture estim\u00e9e":"2 minutes"},"schema":{"@context":"https:\/\/schema.org","@graph":[{"@type":"WebPage","@id":"https:\/\/www.wineobjectives.com\/fr\/wine-objectives\/adam-dakin\/","url":"https:\/\/www.wineobjectives.com\/fr\/wine-objectives\/adam-dakin\/","name":"Expert Domaine viticole : Adam dakin - Wine Objectives","isPartOf":{"@id":"https:\/\/www.wineobjectives.com\/fr\/#website"},"primaryImageOfPage":{"@id":"https:\/\/www.wineobjectives.com\/fr\/wine-objectives\/adam-dakin\/#primaryimage"},"image":{"@id":"https:\/\/www.wineobjectives.com\/fr\/wine-objectives\/adam-dakin\/#primaryimage"},"thumbnailUrl":"https:\/\/www.wineobjectives.com\/wp-content\/uploads\/2022\/04\/wine-objectives-adam-dakin.webp","datePublished":"2015-08-13T09:27:00+00:00","dateModified":"2025-06-13T10:47:11+00:00","description":"Adam Dakin, expert en domaine viticole, accompagne depuis 2014 l\u2019acquisition, la cession et la transmission de propri\u00e9t\u00e9s viticoles.","breadcrumb":{"@id":"https:\/\/www.wineobjectives.com\/fr\/wine-objectives\/adam-dakin\/#breadcrumb"},"inLanguage":"fr-FR","potentialAction":[{"@type":"ReadAction","target":["https:\/\/www.wineobjectives.com\/fr\/wine-objectives\/adam-dakin\/"]}]},{"@type":"ImageObject","inLanguage":"fr-FR","@id":"https:\/\/www.wineobjectives.com\/fr\/wine-objectives\/adam-dakin\/#primaryimage","url":"https:\/\/www.wineobjectives.com\/wp-content\/uploads\/2022\/04\/wine-objectives-adam-dakin.webp","contentUrl":"https:\/\/www.wineobjectives.com\/wp-content\/uploads\/2022\/04\/wine-objectives-adam-dakin.webp","width":505,"height":379,"caption":"Adam Dakin, expert domaine viticole"},{"@type":"BreadcrumbList","@id":"https:\/\/www.wineobjectives.com\/fr\/wine-objectives\/adam-dakin\/#breadcrumb","itemListElement":[{"@type":"ListItem","position":1,"name":"Accueil","item":"https:\/\/www.wineobjectives.com\/fr\/"},{"@type":"ListItem","position":2,"name":"A propos de Wine Objectives","item":"https:\/\/www.wineobjectives.com\/fr\/wine-objectives\/"},{"@type":"ListItem","position":3,"name":"Adam Dakin"}]},{"@type":"WebSite","@id":"https:\/\/www.wineobjectives.com\/fr\/#website","url":"https:\/\/www.wineobjectives.com\/fr\/","name":"Wine Objectives","description":"Wine Objectives","publisher":{"@id":"https:\/\/www.wineobjectives.com\/fr\/#organization"},"potentialAction":[{"@type":"SearchAction","target":{"@type":"EntryPoint","urlTemplate":"https:\/\/www.wineobjectives.com\/fr\/?s={search_term_string}"},"query-input":{"@type":"PropertyValueSpecification","valueRequired":true,"valueName":"search_term_string"}}],"inLanguage":"fr-FR"},{"@type":"Organization","@id":"https:\/\/www.wineobjectives.com\/fr\/#organization","name":"Wine Objectives","url":"https:\/\/www.wineobjectives.com\/fr\/","logo":{"@type":"ImageObject","inLanguage":"fr-FR","@id":"https:\/\/www.wineobjectives.com\/fr\/#\/schema\/logo\/image\/","url":"https:\/\/www.wineobjectives.com\/wp-content\/uploads\/2022\/08\/cropped-cropped-gimmick_WO.png","contentUrl":"https:\/\/www.wineobjectives.com\/wp-content\/uploads\/2022\/08\/cropped-cropped-gimmick_WO.png","width":130,"height":99,"caption":"Wine Objectives"},"image":{"@id":"https:\/\/www.wineobjectives.com\/fr\/#\/schema\/logo\/image\/"}}]}},"_links":{"self":[{"href":"https:\/\/www.wineobjectives.com\/fr\/wp-json\/wp\/v2\/pages\/70","targetHints":{"allow":["GET"]}}],"collection":[{"href":"https:\/\/www.wineobjectives.com\/fr\/wp-json\/wp\/v2\/pages"}],"about":[{"href":"https:\/\/www.wineobjectives.com\/fr\/wp-json\/wp\/v2\/types\/page"}],"author":[{"embeddable":true,"href":"https:\/\/www.wineobjectives.com\/fr\/wp-json\/wp\/v2\/users\/1"}],"replies":[{"embeddable":true,"href":"https:\/\/www.wineobjectives.com\/fr\/wp-json\/wp\/v2\/comments?post=70"}],"version-history":[{"count":27,"href":"https:\/\/www.wineobjectives.com\/fr\/wp-json\/wp\/v2\/pages\/70\/revisions"}],"predecessor-version":[{"id":15025,"href":"https:\/\/www.wineobjectives.com\/fr\/wp-json\/wp\/v2\/pages\/70\/revisions\/15025"}],"up":[{"embeddable":true,"href":"https:\/\/www.wineobjectives.com\/fr\/wp-json\/wp\/v2\/pages\/53"}],"wp:featuredmedia":[{"embeddable":true,"href":"https:\/\/www.wineobjectives.com\/fr\/wp-json\/wp\/v2\/media\/71"}],"wp:attachment":[{"href":"https:\/\/www.wineobjectives.com\/fr\/wp-json\/wp\/v2\/media?parent=70"}],"curies":[{"name":"wp","href":"https:\/\/api.w.org\/{rel}","templated":true}]}}